{"id":4952,"date":"2025-03-12T15:16:42","date_gmt":"2025-03-12T15:16:42","guid":{"rendered":"https:\/\/qollab.ca\/?page_id=4952"},"modified":"2026-01-07T22:17:45","modified_gmt":"2026-01-07T22:17:45","slug":"miser-queer","status":"publish","type":"page","link":"https:\/\/qollab.ca\/en\/miser-queer\/","title":{"rendered":"Queer Bets"},"content":{"rendered":"<div data-elementor-type=\"wp-page\" data-elementor-id=\"4952\" class=\"elementor elementor-4952\" data-elementor-post-type=\"page\">\n\t\t\t\t\t\t<section class=\"elementor-section elementor-top-section elementor-element elementor-element-7ea866b elementor-section-full_width elementor-section-height-min-height elementor-section-height-default elementor-section-items-middle\" data-id=\"7ea866b\" data-element_type=\"section\" data-e-type=\"section\" data-settings=\"{&quot;background_background&quot;:&quot;classic&quot;,&quot;shape_divider_bottom&quot;:&quot;curve&quot;}\">\n\t\t\t\t\t\t\t<div class=\"elementor-background-overlay\"><\/div>\n\t\t\t\t\t\t<div class=\"elementor-shape elementor-shape-bottom\" aria-hidden=\"true\" data-negative=\"false\">\n\t\t\t<svg xmlns=\"http:\/\/www.w3.org\/2000\/svg\" viewbox=\"0 0 1000 100\" preserveaspectratio=\"none\">\n    <path class=\"elementor-shape-fill\" d=\"M1000,4.3V0H0v4.3C0.9,23.1,126.7,99.2,500,100S1000,22.7,1000,4.3z\"\/>\n<\/svg>\t\t<\/div>\n\t\t\t\t\t<div class=\"elementor-container elementor-column-gap-default\">\n\t\t\t\t\t<div class=\"elementor-column elementor-col-100 elementor-top-column elementor-element elementor-element-f50bfcb\" data-id=\"f50bfcb\" data-element_type=\"column\" data-e-type=\"column\">\n\t\t\t<div class=\"elementor-widget-wrap elementor-element-populated\">\n\t\t\t\t\t\t<div class=\"elementor-element elementor-element-4f52c38 elementor-widget elementor-widget-image\" data-id=\"4f52c38\" data-element_type=\"widget\" data-e-type=\"widget\" data-widget_type=\"image.default\">\n\t\t\t\t<div class=\"elementor-widget-container\">\n\t\t\t\t\t\t\t\t\t\t\t\t\t\t\t<img fetchpriority=\"high\" decoding=\"async\" width=\"768\" height=\"524\" src=\"https:\/\/qollab.ca\/wp-content\/uploads\/2025\/03\/Queer-Bets_Blanc.png\" class=\"attachment-medium_large size-medium_large wp-image-4957\" alt=\"\" srcset=\"https:\/\/qollab.ca\/wp-content\/uploads\/2025\/03\/Queer-Bets_Blanc.png 2235w, https:\/\/qollab.ca\/wp-content\/uploads\/2025\/03\/Queer-Bets_Blanc-300x205.png 300w, https:\/\/qollab.ca\/wp-content\/uploads\/2025\/03\/Queer-Bets_Blanc-1024x698.png 1024w, https:\/\/qollab.ca\/wp-content\/uploads\/2025\/03\/Queer-Bets_Blanc-768x524.png 768w, https:\/\/qollab.ca\/wp-content\/uploads\/2025\/03\/Queer-Bets_Blanc-1536x1047.png 1536w, https:\/\/qollab.ca\/wp-content\/uploads\/2025\/03\/Queer-Bets_Blanc-2048x1396.png 2048w, https:\/\/qollab.ca\/wp-content\/uploads\/2025\/03\/Queer-Bets_Blanc-18x12.png 18w\" sizes=\"(max-width: 768px) 100vw, 768px\" \/>\t\t\t\t\t\t\t\t\t\t\t\t\t\t\t<\/div>\n\t\t\t\t<\/div>\n\t\t\t\t\t<\/div>\n\t\t<\/div>\n\t\t\t\t\t<\/div>\n\t\t<\/section>\n\t\t\t\t<section class=\"elementor-section elementor-top-section elementor-element elementor-element-6280e11 elementor-section-boxed elementor-section-height-default elementor-section-height-default\" data-id=\"6280e11\" data-element_type=\"section\" data-e-type=\"section\">\n\t\t\t\t\t\t<div class=\"elementor-container elementor-column-gap-default\">\n\t\t\t\t\t<div class=\"elementor-column elementor-col-100 elementor-top-column elementor-element elementor-element-f49b5ba\" data-id=\"f49b5ba\" data-element_type=\"column\" data-e-type=\"column\">\n\t\t\t<div class=\"elementor-widget-wrap elementor-element-populated\">\n\t\t\t\t\t\t<section class=\"elementor-section elementor-inner-section elementor-element elementor-element-37b5fd4 elementor-section-full_width elementor-section-height-default elementor-section-height-default\" data-id=\"37b5fd4\" data-element_type=\"section\" data-e-type=\"section\">\n\t\t\t\t\t\t<div class=\"elementor-container elementor-column-gap-default\">\n\t\t\t\t\t<div class=\"elementor-column elementor-col-100 elementor-inner-column elementor-element elementor-element-d6d558b\" data-id=\"d6d558b\" data-element_type=\"column\" data-e-type=\"column\">\n\t\t\t<div class=\"elementor-widget-wrap elementor-element-populated\">\n\t\t\t\t\t\t<div class=\"elementor-element elementor-element-79119f1 elementor-widget elementor-widget-text-editor\" data-id=\"79119f1\" data-element_type=\"widget\" data-e-type=\"widget\" data-widget_type=\"text-editor.default\">\n\t\t\t\t<div class=\"elementor-widget-container\">\n\t\t\t\t\t\t\t\t\t<p>Queer Bets focuses on 2S\/LGBTQIA+ people who gamble. We seek to understand the experiences and perspectives of 2S\/LGBTQIA+ people who gamble and\/or have had gambling-related problems in the past to identify interventions to reduce the impacts of gambling on 2S\/LGBTQIA+ people.<\/p>\n<p>This study has two components :<\/p>\n<ul>\n<li style=\"font-size: 18px;\"><span style=\"font-weight: bolder;\">A qualitative component<\/span>&nbsp;: through the photovoice methodology, which proposes that participants take a few photos of their experiences and discuss them in an interview.<\/li>\n<li><strong>A quantitative component<\/strong> : we will be using data from the Sex Now survey, developed in collaboration with the CBRC (Community-Based Research Center). This survey will be available shortly.&nbsp;<\/li>\n<\/ul>\n<div>&nbsp;<\/div>\n<p>Le recrutement pour ce projet est maintenant termin\u00e9.&nbsp;<\/p>\n<ul>\n<\/ul>\t\t\t\t\t\t\t\t<\/div>\n\t\t\t\t<\/div>\n\t\t\t\t\t<\/div>\n\t\t<\/div>\n\t\t\t\t\t<\/div>\n\t\t<\/section>\n\t\t\t\t<div class=\"elementor-element elementor-element-ab9f046 elementor-widget elementor-widget-spacer\" data-id=\"ab9f046\" data-element_type=\"widget\" data-e-type=\"widget\" data-widget_type=\"spacer.default\">\n\t\t\t\t<div class=\"elementor-widget-container\">\n\t\t\t\t\t\t\t<div class=\"elementor-spacer\">\n\t\t\t<div class=\"elementor-spacer-inner\"><\/div>\n\t\t<\/div>\n\t\t\t\t\t\t<\/div>\n\t\t\t\t<\/div>\n\t\t\t\t\t<\/div>\n\t\t<\/div>\n\t\t\t\t\t<\/div>\n\t\t<\/section>\n\t\t\t\t<section class=\"elementor-section elementor-top-section elementor-element elementor-element-51dc152 elementor-section-boxed elementor-section-height-default elementor-section-height-default\" data-id=\"51dc152\" data-element_type=\"section\" data-e-type=\"section\">\n\t\t\t\t\t\t<div class=\"elementor-container elementor-column-gap-default\">\n\t\t\t\t\t<div class=\"elementor-column elementor-col-100 elementor-top-column elementor-element elementor-element-3cc7ccf\" data-id=\"3cc7ccf\" data-element_type=\"column\" data-e-type=\"column\">\n\t\t\t<div class=\"elementor-widget-wrap elementor-element-populated\">\n\t\t\t\t\t\t<div class=\"elementor-element elementor-element-097766c elementor-widget elementor-widget-spacer\" data-id=\"097766c\" data-element_type=\"widget\" data-e-type=\"widget\" data-widget_type=\"spacer.default\">\n\t\t\t\t<div class=\"elementor-widget-container\">\n\t\t\t\t\t\t\t<div class=\"elementor-spacer\">\n\t\t\t<div class=\"elementor-spacer-inner\"><\/div>\n\t\t<\/div>\n\t\t\t\t\t\t<\/div>\n\t\t\t\t<\/div>\n\t\t\t\t<div class=\"elementor-element elementor-element-2fb4008 elementor-widget elementor-widget-heading\" data-id=\"2fb4008\" data-element_type=\"widget\" data-e-type=\"widget\" data-widget_type=\"heading.default\">\n\t\t\t\t<div class=\"elementor-widget-container\">\n\t\t\t\t\t<h2 class=\"elementor-heading-title elementor-size-default\">HUMANS BEHIND THE PROJECT<\/h2>\t\t\t\t<\/div>\n\t\t\t\t<\/div>\n\t\t\t\t<div class=\"elementor-element elementor-element-8ced60d elementor-widget-divider--view-line elementor-widget elementor-widget-divider\" data-id=\"8ced60d\" data-element_type=\"widget\" data-e-type=\"widget\" data-widget_type=\"divider.default\">\n\t\t\t\t<div class=\"elementor-widget-container\">\n\t\t\t\t\t\t\t<div class=\"elementor-divider\">\n\t\t\t<span class=\"elementor-divider-separator\">\n\t\t\t\t\t\t<\/span>\n\t\t<\/div>\n\t\t\t\t\t\t<\/div>\n\t\t\t\t<\/div>\n\t\t\t\t<div class=\"elementor-element elementor-element-2303a81 elementor-widget__width-initial elementor-widget elementor-widget-text-editor\" data-id=\"2303a81\" data-element_type=\"widget\" data-e-type=\"widget\" data-widget_type=\"text-editor.default\">\n\t\t\t\t<div class=\"elementor-widget-container\">\n\t\t\t\t\t\t\t\t\t<p><b>Principal Investigator<\/b><br \/><span style=\"font-weight: 400;\">Olivier Ferlatte<\/span><br \/><br \/><b>Coordinateur<\/b><br \/><span style=\"font-weight: 400;\">Amy Rhanim<\/span><br \/><br \/><b>Co-investigators<\/b><br \/><span style=\"font-weight: 400;\">Jorge Flores-Aranda, Ben Klassen, Annie-Claude Savard, Eva Monson, Nathan Lachowsky<\/span><br \/><br \/>Le projet Miser Queer est financ\u00e9 par les <strong>Instituts de recherche en sant\u00e9 du Canada.<\/strong><\/p>\t\t\t\t\t\t\t\t<\/div>\n\t\t\t\t<\/div>\n\t\t\t\t<div class=\"elementor-element elementor-element-ba6ef20 elementor-widget elementor-widget-image\" data-id=\"ba6ef20\" data-element_type=\"widget\" data-e-type=\"widget\" data-widget_type=\"image.default\">\n\t\t\t\t<div class=\"elementor-widget-container\">\n\t\t\t\t\t\t\t\t\t\t\t\t\t\t\t<img decoding=\"async\" src=\"https:\/\/qollab.ca\/wp-content\/uploads\/2022\/01\/leaf-cihr-colour-en.jpeg\" title=\"\" alt=\"\" loading=\"lazy\" \/>\t\t\t\t\t\t\t\t\t\t\t\t\t\t\t<\/div>\n\t\t\t\t<\/div>\n\t\t\t\t\t<\/div>\n\t\t<\/div>\n\t\t\t\t\t<\/div>\n\t\t<\/section>\n\t\t\t\t<\/div>","protected":false},"excerpt":{"rendered":"<p>Le projet Miser Queer s&rsquo;int\u00e9resse aux personnes 2S\/LGBTQIA+ qui jouent aux jeux de hasard et d&rsquo;argent (JHA). Nous cherchons \u00e0 comprendre les exp\u00e9riences et les perspectives des personnes 2S\/LGBTQIA+ qui jouent aux jeux de hasard et d&rsquo;argent et\/ou qui ont eu des probl\u00e8mes de jeux dans le pass\u00e9 pour identifier des interventions afin d&rsquo;att\u00e9nuer les [&hellip;]<\/p>\n","protected":false},"author":1,"featured_media":0,"parent":0,"menu_order":0,"comment_status":"closed","ping_status":"closed","template":"elementor_header_footer","meta":{"footnotes":""},"class_list":["post-4952","page","type-page","status-publish","hentry"],"_links":{"self":[{"href":"https:\/\/qollab.ca\/en\/wp-json\/wp\/v2\/pages\/4952","targetHints":{"allow":["GET"]}}],"collection":[{"href":"https:\/\/qollab.ca\/en\/wp-json\/wp\/v2\/pages"}],"about":[{"href":"https:\/\/qollab.ca\/en\/wp-json\/wp\/v2\/types\/page"}],"author":[{"embeddable":true,"href":"https:\/\/qollab.ca\/en\/wp-json\/wp\/v2\/users\/1"}],"replies":[{"embeddable":true,"href":"https:\/\/qollab.ca\/en\/wp-json\/wp\/v2\/comments?post=4952"}],"version-history":[{"count":5,"href":"https:\/\/qollab.ca\/en\/wp-json\/wp\/v2\/pages\/4952\/revisions"}],"predecessor-version":[{"id":5675,"href":"https:\/\/qollab.ca\/en\/wp-json\/wp\/v2\/pages\/4952\/revisions\/5675"}],"wp:attachment":[{"href":"https:\/\/qollab.ca\/en\/wp-json\/wp\/v2\/media?parent=4952"}],"curies":[{"name":"wp","href":"https:\/\/api.w.org\/{rel}","templated":true}]}}