{"id":4291,"date":"2024-11-18T15:44:12","date_gmt":"2024-11-18T15:44:12","guid":{"rendered":"https:\/\/qollab.ca\/?page_id=4291"},"modified":"2025-02-18T14:06:43","modified_gmt":"2025-02-18T14:06:43","slug":"cannapix-sondage","status":"publish","type":"page","link":"https:\/\/qollab.ca\/en\/cannapix-sondage\/","title":{"rendered":"Cannapix &#8211; Sondage"},"content":{"rendered":"<div data-elementor-type=\"wp-page\" data-elementor-id=\"4291\" class=\"elementor elementor-4291\" data-elementor-post-type=\"page\">\n\t\t\t\t\t\t<section class=\"elementor-section elementor-top-section elementor-element elementor-element-63be5c6 elementor-section-full_width elementor-section-height-min-height elementor-section-height-default elementor-section-items-middle\" data-id=\"63be5c6\" data-element_type=\"section\" data-e-type=\"section\" data-settings=\"{&quot;background_background&quot;:&quot;classic&quot;,&quot;shape_divider_bottom&quot;:&quot;curve&quot;}\">\n\t\t\t\t\t\t\t<div class=\"elementor-background-overlay\"><\/div>\n\t\t\t\t\t\t<div class=\"elementor-shape elementor-shape-bottom\" aria-hidden=\"true\" data-negative=\"false\">\n\t\t\t<svg xmlns=\"http:\/\/www.w3.org\/2000\/svg\" viewbox=\"0 0 1000 100\" preserveaspectratio=\"none\">\n    <path class=\"elementor-shape-fill\" d=\"M1000,4.3V0H0v4.3C0.9,23.1,126.7,99.2,500,100S1000,22.7,1000,4.3z\"\/>\n<\/svg>\t\t<\/div>\n\t\t\t\t\t<div class=\"elementor-container elementor-column-gap-default\">\n\t\t\t\t\t<div class=\"elementor-column elementor-col-100 elementor-top-column elementor-element elementor-element-ac2a6ac\" data-id=\"ac2a6ac\" data-element_type=\"column\" data-e-type=\"column\">\n\t\t\t<div class=\"elementor-widget-wrap elementor-element-populated\">\n\t\t\t\t\t\t<div class=\"elementor-element elementor-element-fa1ad86 elementor-widget elementor-widget-image\" data-id=\"fa1ad86\" data-element_type=\"widget\" data-e-type=\"widget\" data-widget_type=\"image.default\">\n\t\t\t\t<div class=\"elementor-widget-container\">\n\t\t\t\t\t\t\t\t\t\t\t\t\t\t\t<img fetchpriority=\"high\" decoding=\"async\" width=\"800\" height=\"450\" src=\"https:\/\/qollab.ca\/wp-content\/uploads\/2023\/05\/Cannapix_logo_blanc1-1024x576.png\" class=\"attachment-large size-large wp-image-1393\" alt=\"\" srcset=\"https:\/\/qollab.ca\/wp-content\/uploads\/2023\/05\/Cannapix_logo_blanc1-1024x576.png 1024w, https:\/\/qollab.ca\/wp-content\/uploads\/2023\/05\/Cannapix_logo_blanc1-300x169.png 300w, https:\/\/qollab.ca\/wp-content\/uploads\/2023\/05\/Cannapix_logo_blanc1-768x432.png 768w, https:\/\/qollab.ca\/wp-content\/uploads\/2023\/05\/Cannapix_logo_blanc1-18x10.png 18w, https:\/\/qollab.ca\/wp-content\/uploads\/2023\/05\/Cannapix_logo_blanc1.png 1366w\" sizes=\"(max-width: 800px) 100vw, 800px\" \/>\t\t\t\t\t\t\t\t\t\t\t\t\t\t\t<\/div>\n\t\t\t\t<\/div>\n\t\t\t\t\t<\/div>\n\t\t<\/div>\n\t\t\t\t\t<\/div>\n\t\t<\/section>\n\t\t\t\t<section class=\"elementor-section elementor-top-section elementor-element elementor-element-3b85784 elementor-section-boxed elementor-section-height-default elementor-section-height-default\" data-id=\"3b85784\" data-element_type=\"section\" data-e-type=\"section\">\n\t\t\t\t\t\t<div class=\"elementor-container elementor-column-gap-default\">\n\t\t\t\t\t<div class=\"elementor-column elementor-col-100 elementor-top-column elementor-element elementor-element-fce880c\" data-id=\"fce880c\" data-element_type=\"column\" data-e-type=\"column\">\n\t\t\t<div class=\"elementor-widget-wrap elementor-element-populated\">\n\t\t\t\t\t\t<div class=\"elementor-element elementor-element-47fe6f0 elementor-widget elementor-widget-heading\" data-id=\"47fe6f0\" data-element_type=\"widget\" data-e-type=\"widget\" data-widget_type=\"heading.default\">\n\t\t\t\t<div class=\"elementor-widget-container\">\n\t\t\t\t\t<h3 class=\"elementor-heading-title elementor-size-default\">Cannapix - Survey<\/h3>\t\t\t\t<\/div>\n\t\t\t\t<\/div>\n\t\t\t\t\t<\/div>\n\t\t<\/div>\n\t\t\t\t\t<\/div>\n\t\t<\/section>\n\t\t\t\t<section class=\"elementor-section elementor-top-section elementor-element elementor-element-5d8c558 elementor-section-boxed elementor-section-height-default elementor-section-height-default\" data-id=\"5d8c558\" data-element_type=\"section\" data-e-type=\"section\">\n\t\t\t\t\t\t<div class=\"elementor-container elementor-column-gap-default\">\n\t\t\t\t\t<div class=\"elementor-column elementor-col-100 elementor-top-column elementor-element elementor-element-6699d03\" data-id=\"6699d03\" data-element_type=\"column\" data-e-type=\"column\">\n\t\t\t<div class=\"elementor-widget-wrap elementor-element-populated\">\n\t\t\t\t\t\t<div class=\"elementor-element elementor-element-b4457c9 elementor-widget elementor-widget-text-editor\" data-id=\"b4457c9\" data-element_type=\"widget\" data-e-type=\"widget\" data-widget_type=\"text-editor.default\">\n\t\t\t\t<div class=\"elementor-widget-container\">\n\t\t\t\t\t\t\t\t\t<p><span style=\"color: #696969; font-family: Comfortaa, sans-serif;\"><span style=\"font-size: 18px;\">The Cannapix survey aims to better understand the cannabis use habits of 2S\/LGBTQIA+ youth in Quebec and their needs for targeted interventions and education. The survey is open to individuals aged 18 to 24 who identify as 2S\/LGBTQIA+ (including Two-Spirit, lesbian, gay, bisexual, trans, queer, intersex, asexual individuals or anyone of diverse sexual or gender identities) and live in Quebec.<\/span><\/span><\/p><p><span style=\"font-size: 18px; color: #696969; font-family: Comfortaa, sans-serif; font-weight: var( --e-global-typography-text-font-weight );\">The survey includes questions about cannabis consumption habits, knowledge about cannabis effects and risks, harm reduction practices, as well as preferences for awareness initiatives and cannabis-related services.<\/span><\/p><p><span style=\"font-size: 18px; color: #696969; font-family: Comfortaa, sans-serif; font-weight: var( --e-global-typography-text-font-weight );\">The data collected is intended to enhance understanding 2S\/LGBTQIA+ youths\u2019 unique needs and inform the development of tailored education and awareness initiatives.<\/span><\/p><p><span style=\"color: #696969; font-family: Comfortaa, sans-serif; font-size: 18px; font-weight: var( --e-global-typography-text-font-weight );\">Feel free to contact us if you have questions :\u00a0<\/span><span style=\"color: #696969; font-family: Comfortaa, sans-serif; font-size: 18px; font-weight: var( --e-global-typography-text-font-weight ); text-decoration-line: underline;\"><a href=\"mailto:qollab@espum.umontreal.ca\">qollab@espum.umontreal.ca<\/a><\/span><\/p>\t\t\t\t\t\t\t\t<\/div>\n\t\t\t\t<\/div>\n\t\t\t\t<div class=\"elementor-element elementor-element-497d57e elementor-widget elementor-widget-heading\" data-id=\"497d57e\" data-element_type=\"widget\" data-e-type=\"widget\" data-widget_type=\"heading.default\">\n\t\t\t\t<div class=\"elementor-widget-container\">\n\t\t\t\t\t<h3 class=\"elementor-heading-title elementor-size-default\">The survey is now closed. Thank you to the 600 respondents. Stay tuned for the results.<\/h3>\t\t\t\t<\/div>\n\t\t\t\t<\/div>\n\t\t\t\t\t<\/div>\n\t\t<\/div>\n\t\t\t\t\t<\/div>\n\t\t<\/section>\n\t\t\t\t<section class=\"elementor-section elementor-top-section elementor-element elementor-element-eb8fc6c elementor-section-boxed elementor-section-height-default elementor-section-height-default\" data-id=\"eb8fc6c\" data-element_type=\"section\" data-e-type=\"section\">\n\t\t\t\t\t\t<div class=\"elementor-container elementor-column-gap-default\">\n\t\t\t\t\t<div class=\"elementor-column elementor-col-100 elementor-top-column elementor-element elementor-element-8747ed8\" data-id=\"8747ed8\" data-element_type=\"column\" data-e-type=\"column\">\n\t\t\t<div class=\"elementor-widget-wrap elementor-element-populated\">\n\t\t\t\t\t\t<div class=\"elementor-element elementor-element-1c37465 elementor-widget elementor-widget-spacer\" data-id=\"1c37465\" data-element_type=\"widget\" data-e-type=\"widget\" data-widget_type=\"spacer.default\">\n\t\t\t\t<div class=\"elementor-widget-container\">\n\t\t\t\t\t\t\t<div class=\"elementor-spacer\">\n\t\t\t<div class=\"elementor-spacer-inner\"><\/div>\n\t\t<\/div>\n\t\t\t\t\t\t<\/div>\n\t\t\t\t<\/div>\n\t\t\t\t\t<\/div>\n\t\t<\/div>\n\t\t\t\t\t<\/div>\n\t\t<\/section>\n\t\t\t\t<section class=\"elementor-section elementor-top-section elementor-element elementor-element-4608d19 elementor-section-boxed elementor-section-height-default elementor-section-height-default\" data-id=\"4608d19\" data-element_type=\"section\" data-e-type=\"section\">\n\t\t\t\t\t\t<div class=\"elementor-container elementor-column-gap-default\">\n\t\t\t\t\t<div class=\"elementor-column elementor-col-100 elementor-top-column elementor-element elementor-element-81b28a1\" data-id=\"81b28a1\" data-element_type=\"column\" data-e-type=\"column\">\n\t\t\t<div class=\"elementor-widget-wrap elementor-element-populated\">\n\t\t\t\t\t\t<div class=\"elementor-element elementor-element-855e908 elementor-widget elementor-widget-heading\" data-id=\"855e908\" data-element_type=\"widget\" data-e-type=\"widget\" data-widget_type=\"heading.default\">\n\t\t\t\t<div class=\"elementor-widget-container\">\n\t\t\t\t\t<h2 class=\"elementor-heading-title elementor-size-default\">Discover the other components of the Cannapix project<\/h2>\t\t\t\t<\/div>\n\t\t\t\t<\/div>\n\t\t\t\t\t<\/div>\n\t\t<\/div>\n\t\t\t\t\t<\/div>\n\t\t<\/section>\n\t\t\t\t<section class=\"elementor-section elementor-top-section elementor-element elementor-element-1424a6a elementor-section-boxed elementor-section-height-default elementor-section-height-default\" data-id=\"1424a6a\" data-element_type=\"section\" data-e-type=\"section\">\n\t\t\t\t\t\t<div class=\"elementor-container elementor-column-gap-default\">\n\t\t\t\t\t<div class=\"elementor-column elementor-col-100 elementor-top-column elementor-element elementor-element-18f2e97\" data-id=\"18f2e97\" data-element_type=\"column\" data-e-type=\"column\">\n\t\t\t<div class=\"elementor-widget-wrap elementor-element-populated\">\n\t\t\t\t\t\t<section class=\"elementor-section elementor-inner-section elementor-element elementor-element-3280367 elementor-section-boxed elementor-section-height-default elementor-section-height-default\" data-id=\"3280367\" data-element_type=\"section\" data-e-type=\"section\">\n\t\t\t\t\t\t<div class=\"elementor-container elementor-column-gap-default\">\n\t\t\t\t\t<div class=\"elementor-column elementor-col-50 elementor-inner-column elementor-element elementor-element-d9771de\" data-id=\"d9771de\" data-element_type=\"column\" data-e-type=\"column\">\n\t\t\t<div class=\"elementor-widget-wrap elementor-element-populated\">\n\t\t\t\t\t\t<div class=\"elementor-element elementor-element-fb4b802 elementor-align-center elementor-widget elementor-widget-button\" data-id=\"fb4b802\" data-element_type=\"widget\" data-e-type=\"widget\" data-widget_type=\"button.default\">\n\t\t\t\t<div class=\"elementor-widget-container\">\n\t\t\t\t\t\t\t\t\t<div class=\"elementor-button-wrapper\">\n\t\t\t\t\t<a class=\"elementor-button elementor-button-link elementor-size-sm\" href=\"https:\/\/qollab.ca\/en\/cannapix\/\">\n\t\t\t\t\t\t<span class=\"elementor-button-content-wrapper\">\n\t\t\t\t\t\t\t\t\t<span class=\"elementor-button-text\">Cannapix - Photovoice<\/span>\n\t\t\t\t\t<\/span>\n\t\t\t\t\t<\/a>\n\t\t\t\t<\/div>\n\t\t\t\t\t\t\t\t<\/div>\n\t\t\t\t<\/div>\n\t\t\t\t\t<\/div>\n\t\t<\/div>\n\t\t\t\t<div class=\"elementor-column elementor-col-50 elementor-inner-column elementor-element elementor-element-7d76ccb\" data-id=\"7d76ccb\" data-element_type=\"column\" data-e-type=\"column\">\n\t\t\t<div class=\"elementor-widget-wrap elementor-element-populated\">\n\t\t\t\t\t\t<div class=\"elementor-element elementor-element-5388efa elementor-align-center elementor-widget elementor-widget-button\" data-id=\"5388efa\" data-element_type=\"widget\" data-e-type=\"widget\" data-widget_type=\"button.default\">\n\t\t\t\t<div class=\"elementor-widget-container\">\n\t\t\t\t\t\t\t\t\t<div class=\"elementor-button-wrapper\">\n\t\t\t\t\t<a class=\"elementor-button elementor-button-link elementor-size-sm\" href=\"https:\/\/qollab.ca\/en\/cannapix-cellphilms\/\">\n\t\t\t\t\t\t<span class=\"elementor-button-content-wrapper\">\n\t\t\t\t\t\t\t\t\t<span class=\"elementor-button-text\">Cannapix - Cellphilms<\/span>\n\t\t\t\t\t<\/span>\n\t\t\t\t\t<\/a>\n\t\t\t\t<\/div>\n\t\t\t\t\t\t\t\t<\/div>\n\t\t\t\t<\/div>\n\t\t\t\t\t<\/div>\n\t\t<\/div>\n\t\t\t\t\t<\/div>\n\t\t<\/section>\n\t\t\t\t<div class=\"elementor-element elementor-element-5e8ac0c elementor-widget elementor-widget-spacer\" data-id=\"5e8ac0c\" data-element_type=\"widget\" data-e-type=\"widget\" data-widget_type=\"spacer.default\">\n\t\t\t\t<div class=\"elementor-widget-container\">\n\t\t\t\t\t\t\t<div class=\"elementor-spacer\">\n\t\t\t<div class=\"elementor-spacer-inner\"><\/div>\n\t\t<\/div>\n\t\t\t\t\t\t<\/div>\n\t\t\t\t<\/div>\n\t\t\t\t\t<\/div>\n\t\t<\/div>\n\t\t\t\t\t<\/div>\n\t\t<\/section>\n\t\t\t\t<section class=\"elementor-section elementor-top-section elementor-element elementor-element-03d4e34 elementor-section-boxed elementor-section-height-default elementor-section-height-default\" data-id=\"03d4e34\" data-element_type=\"section\" data-e-type=\"section\">\n\t\t\t\t\t\t<div class=\"elementor-container elementor-column-gap-default\">\n\t\t\t\t\t<div class=\"elementor-column elementor-col-100 elementor-top-column elementor-element elementor-element-2dbdd09\" data-id=\"2dbdd09\" data-element_type=\"column\" data-e-type=\"column\">\n\t\t\t<div class=\"elementor-widget-wrap elementor-element-populated\">\n\t\t\t\t\t\t<div class=\"elementor-element elementor-element-2fb3720 elementor-widget elementor-widget-heading\" data-id=\"2fb3720\" data-element_type=\"widget\" data-e-type=\"widget\" data-widget_type=\"heading.default\">\n\t\t\t\t<div class=\"elementor-widget-container\">\n\t\t\t\t\t<h2 class=\"elementor-heading-title elementor-size-default\">HUMANS BEHIND THE PROJECT<\/h2>\t\t\t\t<\/div>\n\t\t\t\t<\/div>\n\t\t\t\t\t<\/div>\n\t\t<\/div>\n\t\t\t\t\t<\/div>\n\t\t<\/section>\n\t\t\t\t<section class=\"elementor-section elementor-top-section elementor-element elementor-element-b9cc317 elementor-section-boxed elementor-section-height-default elementor-section-height-default\" data-id=\"b9cc317\" data-element_type=\"section\" data-e-type=\"section\">\n\t\t\t\t\t\t<div class=\"elementor-container elementor-column-gap-default\">\n\t\t\t\t\t<div class=\"elementor-column elementor-col-100 elementor-top-column elementor-element elementor-element-7a73021\" data-id=\"7a73021\" data-element_type=\"column\" data-e-type=\"column\">\n\t\t\t<div class=\"elementor-widget-wrap elementor-element-populated\">\n\t\t\t\t\t\t<div class=\"elementor-element elementor-element-b4e538e elementor-widget-divider--view-line elementor-widget elementor-widget-divider\" data-id=\"b4e538e\" data-element_type=\"widget\" data-e-type=\"widget\" data-widget_type=\"divider.default\">\n\t\t\t\t<div class=\"elementor-widget-container\">\n\t\t\t\t\t\t\t<div class=\"elementor-divider\">\n\t\t\t<span class=\"elementor-divider-separator\">\n\t\t\t\t\t\t<\/span>\n\t\t<\/div>\n\t\t\t\t\t\t<\/div>\n\t\t\t\t<\/div>\n\t\t\t\t\t<\/div>\n\t\t<\/div>\n\t\t\t\t\t<\/div>\n\t\t<\/section>\n\t\t\t\t<section class=\"elementor-section elementor-top-section elementor-element elementor-element-6380c4f elementor-section-boxed elementor-section-height-default elementor-section-height-default\" data-id=\"6380c4f\" data-element_type=\"section\" data-e-type=\"section\">\n\t\t\t\t\t\t<div class=\"elementor-container elementor-column-gap-default\">\n\t\t\t\t\t<div class=\"elementor-column elementor-col-100 elementor-top-column elementor-element elementor-element-a961fec\" data-id=\"a961fec\" data-element_type=\"column\" data-e-type=\"column\">\n\t\t\t<div class=\"elementor-widget-wrap elementor-element-populated\">\n\t\t\t\t\t\t<div class=\"elementor-element elementor-element-7f5bd56 elementor-widget elementor-widget-text-editor\" data-id=\"7f5bd56\" data-element_type=\"widget\" data-e-type=\"widget\" data-widget_type=\"text-editor.default\">\n\t\t\t\t<div class=\"elementor-widget-container\">\n\t\t\t\t\t\t\t\t\t<p><strong>Principal Investigator<br \/><\/strong><span data-contrast=\"auto\">Olivier Ferlatte<\/span><span data-ccp-props=\"{&quot;134233117&quot;:false,&quot;134233118&quot;:false,&quot;335559738&quot;:240,&quot;335559739&quot;:240}\">\u00a0<\/span><\/p><p><b><span data-contrast=\"auto\">Coordinator and PhD candidate<br \/><\/span><\/b>David Ortiz Paredes<\/p><p><b>Research Agent<br \/><\/b>Amy Rhanim<\/p><p><b><span data-contrast=\"auto\">Co-investigators<\/span><\/b><span data-ccp-props=\"{&quot;134233117&quot;:false,&quot;134233118&quot;:false,&quot;335559738&quot;:240,&quot;335559739&quot;:240}\">\u00a0<br \/><\/span><span data-contrast=\"auto\">Jorge Flores Aranda,\u00a0<\/span><span style=\"letter-spacing: 0px;\" data-contrast=\"auto\">Marie-Pierre Sylvestre,\u00a0<\/span><span style=\"letter-spacing: 0px;\" data-contrast=\"auto\">Katherine Frohlich,\u00a0<\/span><span style=\"letter-spacing: 0px;\" data-contrast=\"auto\">Julie Christine Cotton,\u00a0<\/span><span style=\"letter-spacing: 0px;\" data-contrast=\"auto\">Mathieu Goyette,\u00a0<\/span><span style=\"letter-spacing: 0px;\" data-contrast=\"auto\">Rodney Knight<\/span><span style=\"letter-spacing: 0px;\" data-ccp-props=\"{&quot;134233117&quot;:false,&quot;134233118&quot;:false,&quot;335559738&quot;:0,&quot;335559739&quot;:0}\">\u00a0<\/span><\/p><p><span data-contrast=\"auto\">The project <\/span><i><span data-contrast=\"auto\">Cannapix: Survey<\/span><\/i><span data-contrast=\"auto\"> is funded by the Fonds de recherche du Qu\u00e9bec and the\u00a0<\/span><span style=\"letter-spacing: 0px;\">minist\u00e8re de la sant\u00e9 et des services sociaux du Qu\u00e9bec.<\/span><\/p>\t\t\t\t\t\t\t\t<\/div>\n\t\t\t\t<\/div>\n\t\t\t\t<div class=\"elementor-element elementor-element-32161f2 elementor-widget elementor-widget-image\" data-id=\"32161f2\" data-element_type=\"widget\" data-e-type=\"widget\" data-widget_type=\"image.default\">\n\t\t\t\t<div class=\"elementor-widget-container\">\n\t\t\t\t\t\t\t\t\t\t\t\t\t\t\t<img decoding=\"async\" src=\"https:\/\/qollab.ca\/wp-content\/uploads\/elementor\/thumbs\/logos-MSSSFRQ-qxq77u08dilt46h46utb0w9pdv8u9l3hu8egjvmt3a.png\" title=\"logos-MSSS+FRQ\" alt=\"logos-MSSS+FRQ\" loading=\"lazy\" \/>\t\t\t\t\t\t\t\t\t\t\t\t\t\t\t<\/div>\n\t\t\t\t<\/div>\n\t\t\t\t\t<\/div>\n\t\t<\/div>\n\t\t\t\t\t<\/div>\n\t\t<\/section>\n\t\t\t\t<\/div>","protected":false},"excerpt":{"rendered":"<p>Cannapix &#8211; Sondage Le sondage Cannapix a pour but de mieux comprendre les habitudes de consommation de cannabis des jeunes 2S\/LGBTQIA+ au Qu\u00e9bec et leurs besoins en termes d\u2019interventions et d\u2019\u00e9ducation. Il s\u2019adresse aux jeunes de 18 \u00e0 24 ans qui s\u2019identifient comme 2S\/LGBTQIA+ (c\u2019est-\u00e0-dire comme bispirituelles, lesbiennes, gaies, bisexuelles, trans, queer, intersexes, asexuelles, ou [&hellip;]<\/p>\n","protected":false},"author":1,"featured_media":0,"parent":0,"menu_order":0,"comment_status":"closed","ping_status":"closed","template":"elementor_header_footer","meta":{"footnotes":""},"class_list":["post-4291","page","type-page","status-publish","hentry"],"_links":{"self":[{"href":"https:\/\/qollab.ca\/en\/wp-json\/wp\/v2\/pages\/4291","targetHints":{"allow":["GET"]}}],"collection":[{"href":"https:\/\/qollab.ca\/en\/wp-json\/wp\/v2\/pages"}],"about":[{"href":"https:\/\/qollab.ca\/en\/wp-json\/wp\/v2\/types\/page"}],"author":[{"embeddable":true,"href":"https:\/\/qollab.ca\/en\/wp-json\/wp\/v2\/users\/1"}],"replies":[{"embeddable":true,"href":"https:\/\/qollab.ca\/en\/wp-json\/wp\/v2\/comments?post=4291"}],"version-history":[{"count":5,"href":"https:\/\/qollab.ca\/en\/wp-json\/wp\/v2\/pages\/4291\/revisions"}],"predecessor-version":[{"id":4902,"href":"https:\/\/qollab.ca\/en\/wp-json\/wp\/v2\/pages\/4291\/revisions\/4902"}],"wp:attachment":[{"href":"https:\/\/qollab.ca\/en\/wp-json\/wp\/v2\/media?parent=4291"}],"curies":[{"name":"wp","href":"https:\/\/api.w.org\/{rel}","templated":true}]}}