{"id":428,"date":"2022-01-24T15:05:26","date_gmt":"2022-01-24T15:05:26","guid":{"rendered":"https:\/\/qollab.ca\/?page_id=428"},"modified":"2024-07-09T20:48:53","modified_gmt":"2024-07-09T20:48:53","slug":"pour-un-systeme-de-sante-inclusif","status":"publish","type":"page","link":"https:\/\/qollab.ca\/en\/pour-un-systeme-de-sante-inclusif\/","title":{"rendered":"Towards an inclusive healthcare system"},"content":{"rendered":"<div data-elementor-type=\"wp-page\" data-elementor-id=\"428\" class=\"elementor elementor-428\" data-elementor-post-type=\"page\">\n\t\t\t\t\t\t<section class=\"elementor-section elementor-top-section elementor-element elementor-element-55bf0476 elementor-section-full_width elementor-section-height-min-height elementor-section-height-default elementor-section-items-middle\" data-id=\"55bf0476\" data-element_type=\"section\" data-e-type=\"section\" data-settings=\"{&quot;background_background&quot;:&quot;classic&quot;,&quot;shape_divider_bottom&quot;:&quot;curve&quot;}\">\n\t\t\t\t\t\t\t<div class=\"elementor-background-overlay\"><\/div>\n\t\t\t\t\t\t<div class=\"elementor-shape elementor-shape-bottom\" aria-hidden=\"true\" data-negative=\"false\">\n\t\t\t<svg xmlns=\"http:\/\/www.w3.org\/2000\/svg\" viewbox=\"0 0 1000 100\" preserveaspectratio=\"none\">\n    <path class=\"elementor-shape-fill\" d=\"M1000,4.3V0H0v4.3C0.9,23.1,126.7,99.2,500,100S1000,22.7,1000,4.3z\"\/>\n<\/svg>\t\t<\/div>\n\t\t\t\t\t<div class=\"elementor-container elementor-column-gap-default\">\n\t\t\t\t\t<div class=\"elementor-column elementor-col-100 elementor-top-column elementor-element elementor-element-38dd7cfa\" data-id=\"38dd7cfa\" data-element_type=\"column\" data-e-type=\"column\">\n\t\t\t<div class=\"elementor-widget-wrap elementor-element-populated\">\n\t\t\t\t\t\t<div class=\"elementor-element elementor-element-417a59d0 elementor-widget elementor-widget-heading\" data-id=\"417a59d0\" data-element_type=\"widget\" data-e-type=\"widget\" data-widget_type=\"heading.default\">\n\t\t\t\t<div class=\"elementor-widget-container\">\n\t\t\t\t\t<h2 class=\"elementor-heading-title elementor-size-default\">Towards an inclusive healthcare system<\/h2>\t\t\t\t<\/div>\n\t\t\t\t<\/div>\n\t\t\t\t\t<\/div>\n\t\t<\/div>\n\t\t\t\t\t<\/div>\n\t\t<\/section>\n\t\t\t\t<section class=\"elementor-section elementor-top-section elementor-element elementor-element-67a0bc3b elementor-section-boxed elementor-section-height-default elementor-section-height-default\" data-id=\"67a0bc3b\" data-element_type=\"section\" data-e-type=\"section\">\n\t\t\t\t\t\t<div class=\"elementor-container elementor-column-gap-default\">\n\t\t\t\t\t<div class=\"elementor-column elementor-col-100 elementor-top-column elementor-element elementor-element-1dd62d57\" data-id=\"1dd62d57\" data-element_type=\"column\" data-e-type=\"column\">\n\t\t\t<div class=\"elementor-widget-wrap elementor-element-populated\">\n\t\t\t\t\t\t<div class=\"elementor-element elementor-element-d3f87b2 elementor-widget elementor-widget-text-editor\" data-id=\"d3f87b2\" data-element_type=\"widget\" data-e-type=\"widget\" data-widget_type=\"text-editor.default\">\n\t\t\t\t<div class=\"elementor-widget-container\">\n\t\t\t\t\t\t\t\t\t<p>2S\/LGBTQIA+ individuals in Quebec and elsewhere are significantly more likely than heterosexual and cisgender individuals to report unmet health needs or barriers to accessing healthcare services. This issue is compounded by the persistence of stigma within the healthcare system, leading many 2S\/LGBTQIA+ community members to either refrain from seeking medical care, conceal their sexual orientation and history when seeking medical attention, or endure microaggressions during healthcare consultations. Additionally, the ongoing COVID-19 pandemic has introduced additional challenges, shedding light on various deficiencies in the Quebec healthcare system and worsening the access difficulties experienced by this population.<\/p><p>It is in this context that the study <i>Towards an inclusive healthcare system<\/i> was launched. The study\u2019s primary objective is to describe the healthcare access experiences of 2S\/LGBTQIA+ communities and to identify ways for rendering healthcare access more equitable and inclusive.<\/p><p>Between November 2021 and March 2022, 56 gay, bisexual, trans, queer, and two-spirit men shared their experiences in focus groups held online to rethink and reimagine healthcare services.<\/p>\t\t\t\t\t\t\t\t<\/div>\n\t\t\t\t<\/div>\n\t\t\t\t<div class=\"elementor-element elementor-element-bb6ced1 elementor-cta--skin-classic elementor-animated-content elementor-bg-transform elementor-bg-transform-zoom-in elementor-widget elementor-widget-call-to-action\" data-id=\"bb6ced1\" data-element_type=\"widget\" data-e-type=\"widget\" data-widget_type=\"call-to-action.default\">\n\t\t\t\t<div class=\"elementor-widget-container\">\n\t\t\t\t\t\t\t<a class=\"elementor-cta\" href=\"mailto:qollab@espum.umontreal.ca\">\n\t\t\t\t\t\t\t<div class=\"elementor-cta__content\">\n\t\t\t\t\n\t\t\t\t\t\t\t\t\t<h2 class=\"elementor-cta__title elementor-cta__content-item elementor-content-item\">\n\t\t\t\t\t\tFor more information, please contact our team: \t\t\t\t\t<\/h2>\n\t\t\t\t\n\t\t\t\t\n\t\t\t\t\t\t\t\t\t<div class=\"elementor-cta__button-wrapper elementor-cta__content-item elementor-content-item\">\n\t\t\t\t\t<span class=\"elementor-cta__button elementor-button elementor-size-md\">\n\t\t\t\t\t\tqollab@espum.umontreal.ca\t\t\t\t\t<\/span>\n\t\t\t\t\t<\/div>\n\t\t\t\t\t\t\t<\/div>\n\t\t\t\t\t\t<\/a>\n\t\t\t\t\t\t<\/div>\n\t\t\t\t<\/div>\n\t\t\t\t\t<\/div>\n\t\t<\/div>\n\t\t\t\t\t<\/div>\n\t\t<\/section>\n\t\t\t\t<section class=\"elementor-section elementor-top-section elementor-element elementor-element-1a4352f2 elementor-section-boxed elementor-section-height-default elementor-section-height-default\" data-id=\"1a4352f2\" data-element_type=\"section\" data-e-type=\"section\">\n\t\t\t\t\t\t<div class=\"elementor-container elementor-column-gap-default\">\n\t\t\t\t\t<div class=\"elementor-column elementor-col-100 elementor-top-column elementor-element elementor-element-70f11cba\" data-id=\"70f11cba\" data-element_type=\"column\" data-e-type=\"column\">\n\t\t\t<div class=\"elementor-widget-wrap elementor-element-populated\">\n\t\t\t\t\t\t<div class=\"elementor-element elementor-element-790f20d0 elementor-widget elementor-widget-heading\" data-id=\"790f20d0\" data-element_type=\"widget\" data-e-type=\"widget\" data-widget_type=\"heading.default\">\n\t\t\t\t<div class=\"elementor-widget-container\">\n\t\t\t\t\t<h2 class=\"elementor-heading-title elementor-size-default\">HUMANS BEHIND THE PROJECT<\/h2>\t\t\t\t<\/div>\n\t\t\t\t<\/div>\n\t\t\t\t\t<\/div>\n\t\t<\/div>\n\t\t\t\t\t<\/div>\n\t\t<\/section>\n\t\t\t\t<section class=\"elementor-section elementor-top-section elementor-element elementor-element-11d19c27 elementor-section-boxed elementor-section-height-default elementor-section-height-default\" data-id=\"11d19c27\" data-element_type=\"section\" data-e-type=\"section\">\n\t\t\t\t\t\t<div class=\"elementor-container elementor-column-gap-default\">\n\t\t\t\t\t<div class=\"elementor-column elementor-col-100 elementor-top-column elementor-element elementor-element-3cecd4cc\" data-id=\"3cecd4cc\" data-element_type=\"column\" data-e-type=\"column\">\n\t\t\t<div class=\"elementor-widget-wrap elementor-element-populated\">\n\t\t\t\t\t\t<div class=\"elementor-element elementor-element-6808dd2 elementor-widget elementor-widget-text-editor\" data-id=\"6808dd2\" data-element_type=\"widget\" data-e-type=\"widget\" data-widget_type=\"text-editor.default\">\n\t\t\t\t<div class=\"elementor-widget-container\">\n\t\t\t\t\t\t\t\t\t<p><b>Principal Investigator<\/b><span style=\"font-weight: 400;\"> <br \/><\/span><span style=\"font-weight: 400;\">Olivier Ferlatte<\/span><\/p><p><b>Research team<br \/><\/b>Gabriel Daunais-Laurin (R\u00e9zo) and Tara Chanady (RLQ)<\/p><p><b>Research Assistants<br \/><\/b>Tristan P\u00e9loquin, Amy Rhanim, Geoffrey Ferber, Claudelle Brazeau, Eug\u00e9nie Fontaine, Genevi\u00e8ve Fortin and Kinda Wassef<\/p><p>This study is funded by the Comit\u00e9 r\u00e9gional en sant\u00e9 et bien-\u00eatre des hommes de l'\u00cele-de-Montr\u00e9al et the Minist\u00e8re de la sant\u00e9 et des services sociaux (MSSS).<\/p><p>This study is conducted in partnership with community organizations <span style=\"text-decoration: underline;\"><a href=\"https:\/\/www.rezosante.org\/\">R\u00c9ZO<\/a><\/span> and the <a href=\"https:\/\/rlq-qln.ca\/en\/\"><span style=\"text-decoration: underline;\">QLN<\/span><\/a> (Quebec Lesbian Network). This study has been approved by the Comit\u00e9 d'\u00e9thique de la recherche en sciences et en sant\u00e9 (project number : F20-CERSES-2802) at the University of Montreal.<\/p>\t\t\t\t\t\t\t\t<\/div>\n\t\t\t\t<\/div>\n\t\t\t\t\t<\/div>\n\t\t<\/div>\n\t\t\t\t\t<\/div>\n\t\t<\/section>\n\t\t\t\t<\/div>","protected":false},"excerpt":{"rendered":"<p>Pour un syst\u00e8me de sant\u00e9 inclusif Les personnes 2S\/LGBTQIA+ au Qu\u00e9bec et ailleurs sont significativement plus susceptibles que les personnes h\u00e9t\u00e9rosexuelles et cisgenres de signaler des besoins de sant\u00e9 non satisfaits ou des obstacles \u00e0 l&rsquo;acc\u00e8s aux services de sant\u00e9. Dans un contexte ou la stigmatisation est encore bien pr\u00e9sente dans le syst\u00e8me de sant\u00e9, [&hellip;]<\/p>\n","protected":false},"author":1,"featured_media":0,"parent":0,"menu_order":0,"comment_status":"closed","ping_status":"closed","template":"elementor_header_footer","meta":{"footnotes":""},"class_list":["post-428","page","type-page","status-publish","hentry"],"_links":{"self":[{"href":"https:\/\/qollab.ca\/en\/wp-json\/wp\/v2\/pages\/428","targetHints":{"allow":["GET"]}}],"collection":[{"href":"https:\/\/qollab.ca\/en\/wp-json\/wp\/v2\/pages"}],"about":[{"href":"https:\/\/qollab.ca\/en\/wp-json\/wp\/v2\/types\/page"}],"author":[{"embeddable":true,"href":"https:\/\/qollab.ca\/en\/wp-json\/wp\/v2\/users\/1"}],"replies":[{"embeddable":true,"href":"https:\/\/qollab.ca\/en\/wp-json\/wp\/v2\/comments?post=428"}],"version-history":[{"count":5,"href":"https:\/\/qollab.ca\/en\/wp-json\/wp\/v2\/pages\/428\/revisions"}],"predecessor-version":[{"id":4065,"href":"https:\/\/qollab.ca\/en\/wp-json\/wp\/v2\/pages\/428\/revisions\/4065"}],"wp:attachment":[{"href":"https:\/\/qollab.ca\/en\/wp-json\/wp\/v2\/media?parent=428"}],"curies":[{"name":"wp","href":"https:\/\/api.w.org\/{rel}","templated":true}]}}