{"id":402,"date":"2022-01-24T14:50:36","date_gmt":"2022-01-24T14:50:36","guid":{"rendered":"https:\/\/qollab.ca\/?page_id=402"},"modified":"2025-01-29T15:10:32","modified_gmt":"2025-01-29T15:10:32","slug":"cannapix","status":"publish","type":"page","link":"https:\/\/qollab.ca\/en\/cannapix\/","title":{"rendered":"Cannapix &#8211; Photovoix"},"content":{"rendered":"<div data-elementor-type=\"wp-page\" data-elementor-id=\"402\" class=\"elementor elementor-402\" data-elementor-post-type=\"page\">\n\t\t\t\t\t\t<section class=\"elementor-section elementor-top-section elementor-element elementor-element-2e4546bc elementor-section-full_width elementor-section-height-min-height elementor-section-height-default elementor-section-items-middle\" data-id=\"2e4546bc\" data-element_type=\"section\" data-e-type=\"section\" data-settings=\"{&quot;background_background&quot;:&quot;classic&quot;,&quot;shape_divider_bottom&quot;:&quot;curve&quot;}\">\n\t\t\t\t\t\t\t<div class=\"elementor-background-overlay\"><\/div>\n\t\t\t\t\t\t<div class=\"elementor-shape elementor-shape-bottom\" aria-hidden=\"true\" data-negative=\"false\">\n\t\t\t<svg xmlns=\"http:\/\/www.w3.org\/2000\/svg\" viewbox=\"0 0 1000 100\" preserveaspectratio=\"none\">\n    <path class=\"elementor-shape-fill\" d=\"M1000,4.3V0H0v4.3C0.9,23.1,126.7,99.2,500,100S1000,22.7,1000,4.3z\"\/>\n<\/svg>\t\t<\/div>\n\t\t\t\t\t<div class=\"elementor-container elementor-column-gap-default\">\n\t\t\t\t\t<div class=\"elementor-column elementor-col-100 elementor-top-column elementor-element elementor-element-11164579\" data-id=\"11164579\" data-element_type=\"column\" data-e-type=\"column\">\n\t\t\t<div class=\"elementor-widget-wrap elementor-element-populated\">\n\t\t\t\t\t\t<div class=\"elementor-element elementor-element-585888c elementor-widget elementor-widget-image\" data-id=\"585888c\" data-element_type=\"widget\" data-e-type=\"widget\" data-widget_type=\"image.default\">\n\t\t\t\t<div class=\"elementor-widget-container\">\n\t\t\t\t\t\t\t\t\t\t\t\t\t\t\t<img fetchpriority=\"high\" decoding=\"async\" width=\"800\" height=\"450\" src=\"https:\/\/qollab.ca\/wp-content\/uploads\/2023\/05\/Cannapix_logo_blanc1-1024x576.png\" class=\"attachment-large size-large wp-image-1393\" alt=\"\" srcset=\"https:\/\/qollab.ca\/wp-content\/uploads\/2023\/05\/Cannapix_logo_blanc1-1024x576.png 1024w, https:\/\/qollab.ca\/wp-content\/uploads\/2023\/05\/Cannapix_logo_blanc1-300x169.png 300w, https:\/\/qollab.ca\/wp-content\/uploads\/2023\/05\/Cannapix_logo_blanc1-768x432.png 768w, https:\/\/qollab.ca\/wp-content\/uploads\/2023\/05\/Cannapix_logo_blanc1-18x10.png 18w, https:\/\/qollab.ca\/wp-content\/uploads\/2023\/05\/Cannapix_logo_blanc1.png 1366w\" sizes=\"(max-width: 800px) 100vw, 800px\" \/>\t\t\t\t\t\t\t\t\t\t\t\t\t\t\t<\/div>\n\t\t\t\t<\/div>\n\t\t\t\t\t<\/div>\n\t\t<\/div>\n\t\t\t\t\t<\/div>\n\t\t<\/section>\n\t\t\t\t<section class=\"elementor-section elementor-top-section elementor-element elementor-element-4f992e3 elementor-section-boxed elementor-section-height-default elementor-section-height-default\" data-id=\"4f992e3\" data-element_type=\"section\" data-e-type=\"section\">\n\t\t\t\t\t\t<div class=\"elementor-container elementor-column-gap-default\">\n\t\t\t\t\t<div class=\"elementor-column elementor-col-100 elementor-top-column elementor-element elementor-element-425f0a5\" data-id=\"425f0a5\" data-element_type=\"column\" data-e-type=\"column\">\n\t\t\t<div class=\"elementor-widget-wrap elementor-element-populated\">\n\t\t\t\t\t\t<div class=\"elementor-element elementor-element-2cd4c24 elementor-widget elementor-widget-heading\" data-id=\"2cd4c24\" data-element_type=\"widget\" data-e-type=\"widget\" data-widget_type=\"heading.default\">\n\t\t\t\t<div class=\"elementor-widget-container\">\n\t\t\t\t\t<h3 class=\"elementor-heading-title elementor-size-default\">Cannapix - Photovoice<\/h3>\t\t\t\t<\/div>\n\t\t\t\t<\/div>\n\t\t\t\t\t<\/div>\n\t\t<\/div>\n\t\t\t\t\t<\/div>\n\t\t<\/section>\n\t\t\t\t<section class=\"elementor-section elementor-top-section elementor-element elementor-element-27646b0 elementor-section-boxed elementor-section-height-default elementor-section-height-default\" data-id=\"27646b0\" data-element_type=\"section\" data-e-type=\"section\">\n\t\t\t\t\t\t<div class=\"elementor-container elementor-column-gap-default\">\n\t\t\t\t\t<div class=\"elementor-column elementor-col-100 elementor-top-column elementor-element elementor-element-2f5d0cf9\" data-id=\"2f5d0cf9\" data-element_type=\"column\" data-e-type=\"column\">\n\t\t\t<div class=\"elementor-widget-wrap elementor-element-populated\">\n\t\t\t\t\t\t<div class=\"elementor-element elementor-element-2bf4900a elementor-widget elementor-widget-text-editor\" data-id=\"2bf4900a\" data-element_type=\"widget\" data-e-type=\"widget\" data-widget_type=\"text-editor.default\">\n\t\t\t\t<div class=\"elementor-widget-container\">\n\t\t\t\t\t\t\t\t\t<p>The Cannapix - Photovoice project explored the perspectives and experiences of LGBTQ+ youth at the intersection of mental health challenges and cannabis use. Forty-six LGBTQ+ youths, aged 15 to 24 and living in Quebec, took photos to represent their experiences with cannabis, mental health, and their sexual and gender identities. These photos were discussed during interviews, which provided insights into several key elements: the positive and negative impacts of cannabis use on mental health, the barriers to accessing mental health resources, and the marginalization of LGBTQ+ youth in healthcare settings.<\/p><p>The photos produced by the participants aimed to deconstruct the stigmas surrounding mental health and cannabis use, while also exploring ways to improve and adapt services for LGBTQ+ youth. These photos encourage a re-examination of the norms shaping discussions around cannabis and foster non-judgmental conversations about mental health and cannabis use among LGBTQ+ youth.<\/p><p>We invite you to explore these perspectives through the eyes (and lens) of these young LGBTQ+ individuals. A big thank you to the 46 artist-participants for their invaluable contributions !<\/p><p>If you have any question, write us to:\u00a0<span style=\"text-decoration: underline;\"><a style=\"background-color: #ffffff;\" href=\"mailto:qollab@espum.umontreal.ca\">qollab@espum.umontreal.ca<\/a><\/span><\/p>\t\t\t\t\t\t\t\t<\/div>\n\t\t\t\t<\/div>\n\t\t\t\t<div class=\"elementor-element elementor-element-76c171d elementor-widget elementor-widget-spacer\" data-id=\"76c171d\" data-element_type=\"widget\" data-e-type=\"widget\" data-widget_type=\"spacer.default\">\n\t\t\t\t<div class=\"elementor-widget-container\">\n\t\t\t\t\t\t\t<div class=\"elementor-spacer\">\n\t\t\t<div class=\"elementor-spacer-inner\"><\/div>\n\t\t<\/div>\n\t\t\t\t\t\t<\/div>\n\t\t\t\t<\/div>\n\t\t\t\t\t<\/div>\n\t\t<\/div>\n\t\t\t\t\t<\/div>\n\t\t<\/section>\n\t\t\t\t<section class=\"elementor-section elementor-top-section elementor-element elementor-element-ea57f05 elementor-section-boxed elementor-section-height-default elementor-section-height-default\" data-id=\"ea57f05\" data-element_type=\"section\" data-e-type=\"section\">\n\t\t\t\t\t\t<div class=\"elementor-container elementor-column-gap-default\">\n\t\t\t\t\t<div class=\"elementor-column elementor-col-100 elementor-top-column elementor-element elementor-element-51627f6\" data-id=\"51627f6\" data-element_type=\"column\" data-e-type=\"column\">\n\t\t\t<div class=\"elementor-widget-wrap elementor-element-populated\">\n\t\t\t\t\t\t<div class=\"elementor-element elementor-element-797e3f8 elementor-widget elementor-widget-heading\" data-id=\"797e3f8\" data-element_type=\"widget\" data-e-type=\"widget\" data-widget_type=\"heading.default\">\n\t\t\t\t<div class=\"elementor-widget-container\">\n\t\t\t\t\t<h2 class=\"elementor-heading-title elementor-size-default\">Summary of Results<\/h2>\t\t\t\t<\/div>\n\t\t\t\t<\/div>\n\t\t\t\t\t<\/div>\n\t\t<\/div>\n\t\t\t\t\t<\/div>\n\t\t<\/section>\n\t\t\t\t<section class=\"elementor-section elementor-top-section elementor-element elementor-element-332676c elementor-section-boxed elementor-section-height-default elementor-section-height-default\" data-id=\"332676c\" data-element_type=\"section\" data-e-type=\"section\">\n\t\t\t\t\t\t<div class=\"elementor-container elementor-column-gap-default\">\n\t\t\t\t\t<div class=\"elementor-column elementor-col-33 elementor-top-column elementor-element elementor-element-6aa3411\" data-id=\"6aa3411\" data-element_type=\"column\" data-e-type=\"column\">\n\t\t\t<div class=\"elementor-widget-wrap elementor-element-populated\">\n\t\t\t\t\t\t<div class=\"elementor-element elementor-element-7195108 elementor-align-center elementor-widget elementor-widget-button\" data-id=\"7195108\" data-element_type=\"widget\" data-e-type=\"widget\" data-widget_type=\"button.default\">\n\t\t\t\t<div class=\"elementor-widget-container\">\n\t\t\t\t\t\t\t\t\t<div class=\"elementor-button-wrapper\">\n\t\t\t\t\t<a class=\"elementor-button elementor-button-link elementor-size-xs\" href=\"https:\/\/qollab.ca\/en\/expo-cannapix\/\">\n\t\t\t\t\t\t<span class=\"elementor-button-content-wrapper\">\n\t\t\t\t\t\t\t\t\t<span class=\"elementor-button-text\">Visit our virtual exhibition<\/span>\n\t\t\t\t\t<\/span>\n\t\t\t\t\t<\/a>\n\t\t\t\t<\/div>\n\t\t\t\t\t\t\t\t<\/div>\n\t\t\t\t<\/div>\n\t\t\t\t\t<\/div>\n\t\t<\/div>\n\t\t\t\t<div class=\"elementor-column elementor-col-33 elementor-top-column elementor-element elementor-element-8d86dc2\" data-id=\"8d86dc2\" data-element_type=\"column\" data-e-type=\"column\">\n\t\t\t<div class=\"elementor-widget-wrap elementor-element-populated\">\n\t\t\t\t\t\t<div class=\"elementor-element elementor-element-e33795c elementor-align-center elementor-widget elementor-widget-button\" data-id=\"e33795c\" data-element_type=\"widget\" data-e-type=\"widget\" data-widget_type=\"button.default\">\n\t\t\t\t<div class=\"elementor-widget-container\">\n\t\t\t\t\t\t\t\t\t<div class=\"elementor-button-wrapper\">\n\t\t\t\t\t<a class=\"elementor-button elementor-button-link elementor-size-xs\" href=\"https:\/\/doi.org\/10.1080\/13691058.2024.2340090\">\n\t\t\t\t\t\t<span class=\"elementor-button-content-wrapper\">\n\t\t\t\t\t\t\t\t\t<span class=\"elementor-button-text\">Scientific article<br>(in English)<\/span>\n\t\t\t\t\t<\/span>\n\t\t\t\t\t<\/a>\n\t\t\t\t<\/div>\n\t\t\t\t\t\t\t\t<\/div>\n\t\t\t\t<\/div>\n\t\t\t\t\t<\/div>\n\t\t<\/div>\n\t\t\t\t<div class=\"elementor-column elementor-col-33 elementor-top-column elementor-element elementor-element-4d7bbd2\" data-id=\"4d7bbd2\" data-element_type=\"column\" data-e-type=\"column\">\n\t\t\t<div class=\"elementor-widget-wrap elementor-element-populated\">\n\t\t\t\t\t\t<div class=\"elementor-element elementor-element-e2d1e9b elementor-align-center elementor-widget elementor-widget-button\" data-id=\"e2d1e9b\" data-element_type=\"widget\" data-e-type=\"widget\" data-widget_type=\"button.default\">\n\t\t\t\t<div class=\"elementor-widget-container\">\n\t\t\t\t\t\t\t\t\t<div class=\"elementor-button-wrapper\">\n\t\t\t\t\t<a class=\"elementor-button elementor-button-link elementor-size-xs\" href=\"https:\/\/www.cresp.ca\/sites\/cresp\/files\/media\/document\/Lumiere%20sur%20-%20Cannapix.pdf\">\n\t\t\t\t\t\t<span class=\"elementor-button-content-wrapper\">\n\t\t\t\t\t\t\t\t\t<span class=\"elementor-button-text\">Cannapix report<br>(in French)<\/span>\n\t\t\t\t\t<\/span>\n\t\t\t\t\t<\/a>\n\t\t\t\t<\/div>\n\t\t\t\t\t\t\t\t<\/div>\n\t\t\t\t<\/div>\n\t\t\t\t\t<\/div>\n\t\t<\/div>\n\t\t\t\t\t<\/div>\n\t\t<\/section>\n\t\t\t\t<section class=\"elementor-section elementor-top-section elementor-element elementor-element-0a2ee0d elementor-section-boxed elementor-section-height-default elementor-section-height-default\" data-id=\"0a2ee0d\" data-element_type=\"section\" data-e-type=\"section\">\n\t\t\t\t\t\t<div class=\"elementor-container elementor-column-gap-default\">\n\t\t\t\t\t<div class=\"elementor-column elementor-col-100 elementor-top-column elementor-element elementor-element-4dde460\" data-id=\"4dde460\" data-element_type=\"column\" data-e-type=\"column\">\n\t\t\t<div class=\"elementor-widget-wrap elementor-element-populated\">\n\t\t\t\t\t\t<div class=\"elementor-element elementor-element-db6b35a elementor-align-center elementor-widget elementor-widget-button\" data-id=\"db6b35a\" data-element_type=\"widget\" data-e-type=\"widget\" data-widget_type=\"button.default\">\n\t\t\t\t<div class=\"elementor-widget-container\">\n\t\t\t\t\t\t\t\t\t<div class=\"elementor-button-wrapper\">\n\t\t\t\t\t<a class=\"elementor-button elementor-button-link elementor-size-xs\" href=\"https:\/\/qollab.ca\/wp-content\/uploads\/2025\/01\/photobook-cannapix2022-finalweb2.pdf\">\n\t\t\t\t\t\t<span class=\"elementor-button-content-wrapper\">\n\t\t\t\t\t\t\t\t\t<span class=\"elementor-button-text\">Cannapix Exhibition catalog: A photo collection by and for LGBTQ+ youth about cannabis and mental health <\/span>\n\t\t\t\t\t<\/span>\n\t\t\t\t\t<\/a>\n\t\t\t\t<\/div>\n\t\t\t\t\t\t\t\t<\/div>\n\t\t\t\t<\/div>\n\t\t\t\t<div class=\"elementor-element elementor-element-ca0723b elementor-widget elementor-widget-spacer\" data-id=\"ca0723b\" data-element_type=\"widget\" data-e-type=\"widget\" data-widget_type=\"spacer.default\">\n\t\t\t\t<div class=\"elementor-widget-container\">\n\t\t\t\t\t\t\t<div class=\"elementor-spacer\">\n\t\t\t<div class=\"elementor-spacer-inner\"><\/div>\n\t\t<\/div>\n\t\t\t\t\t\t<\/div>\n\t\t\t\t<\/div>\n\t\t\t\t<div class=\"elementor-element elementor-element-b85831f elementor-widget elementor-widget-heading\" data-id=\"b85831f\" data-element_type=\"widget\" data-e-type=\"widget\" data-widget_type=\"heading.default\">\n\t\t\t\t<div class=\"elementor-widget-container\">\n\t\t\t\t\t<h2 class=\"elementor-heading-title elementor-size-default\">Discover the other components of the Cannapix project<\/h2>\t\t\t\t<\/div>\n\t\t\t\t<\/div>\n\t\t\t\t\t<\/div>\n\t\t<\/div>\n\t\t\t\t\t<\/div>\n\t\t<\/section>\n\t\t\t\t<section class=\"elementor-section elementor-top-section elementor-element elementor-element-d53be7b elementor-section-boxed elementor-section-height-default elementor-section-height-default\" data-id=\"d53be7b\" data-element_type=\"section\" data-e-type=\"section\">\n\t\t\t\t\t\t<div class=\"elementor-container elementor-column-gap-default\">\n\t\t\t\t\t<div class=\"elementor-column elementor-col-100 elementor-top-column elementor-element elementor-element-c521feb\" data-id=\"c521feb\" data-element_type=\"column\" data-e-type=\"column\">\n\t\t\t<div class=\"elementor-widget-wrap elementor-element-populated\">\n\t\t\t\t\t\t<section class=\"elementor-section elementor-inner-section elementor-element elementor-element-f75881c elementor-section-boxed elementor-section-height-default elementor-section-height-default\" data-id=\"f75881c\" data-element_type=\"section\" data-e-type=\"section\">\n\t\t\t\t\t\t<div class=\"elementor-container elementor-column-gap-default\">\n\t\t\t\t\t<div class=\"elementor-column elementor-col-50 elementor-inner-column elementor-element elementor-element-581b70d\" data-id=\"581b70d\" data-element_type=\"column\" data-e-type=\"column\">\n\t\t\t<div class=\"elementor-widget-wrap elementor-element-populated\">\n\t\t\t\t\t\t<div class=\"elementor-element elementor-element-6fffe58 elementor-align-center elementor-widget elementor-widget-button\" data-id=\"6fffe58\" data-element_type=\"widget\" data-e-type=\"widget\" data-widget_type=\"button.default\">\n\t\t\t\t<div class=\"elementor-widget-container\">\n\t\t\t\t\t\t\t\t\t<div class=\"elementor-button-wrapper\">\n\t\t\t\t\t<a class=\"elementor-button elementor-button-link elementor-size-sm\" href=\"https:\/\/qollab.ca\/en\/cannapix-sondage\/\">\n\t\t\t\t\t\t<span class=\"elementor-button-content-wrapper\">\n\t\t\t\t\t\t\t\t\t<span class=\"elementor-button-text\">Cannapix - Survey<\/span>\n\t\t\t\t\t<\/span>\n\t\t\t\t\t<\/a>\n\t\t\t\t<\/div>\n\t\t\t\t\t\t\t\t<\/div>\n\t\t\t\t<\/div>\n\t\t\t\t\t<\/div>\n\t\t<\/div>\n\t\t\t\t<div class=\"elementor-column elementor-col-50 elementor-inner-column elementor-element elementor-element-73c5c88\" data-id=\"73c5c88\" data-element_type=\"column\" data-e-type=\"column\">\n\t\t\t<div class=\"elementor-widget-wrap elementor-element-populated\">\n\t\t\t\t\t\t<div class=\"elementor-element elementor-element-87d99d3 elementor-align-center elementor-widget elementor-widget-button\" data-id=\"87d99d3\" data-element_type=\"widget\" data-e-type=\"widget\" data-widget_type=\"button.default\">\n\t\t\t\t<div class=\"elementor-widget-container\">\n\t\t\t\t\t\t\t\t\t<div class=\"elementor-button-wrapper\">\n\t\t\t\t\t<a class=\"elementor-button elementor-button-link elementor-size-sm\" href=\"https:\/\/qollab.ca\/en\/cannapix-cellphilms\/\">\n\t\t\t\t\t\t<span class=\"elementor-button-content-wrapper\">\n\t\t\t\t\t\t\t\t\t<span class=\"elementor-button-text\">Cannapix - Cellphilms<\/span>\n\t\t\t\t\t<\/span>\n\t\t\t\t\t<\/a>\n\t\t\t\t<\/div>\n\t\t\t\t\t\t\t\t<\/div>\n\t\t\t\t<\/div>\n\t\t\t\t\t<\/div>\n\t\t<\/div>\n\t\t\t\t\t<\/div>\n\t\t<\/section>\n\t\t\t\t\t<\/div>\n\t\t<\/div>\n\t\t\t\t\t<\/div>\n\t\t<\/section>\n\t\t\t\t<section class=\"elementor-section elementor-top-section elementor-element elementor-element-6f9b5876 elementor-section-boxed elementor-section-height-default elementor-section-height-default\" data-id=\"6f9b5876\" data-element_type=\"section\" data-e-type=\"section\">\n\t\t\t\t\t\t<div class=\"elementor-container elementor-column-gap-default\">\n\t\t\t\t\t<div class=\"elementor-column elementor-col-100 elementor-top-column elementor-element elementor-element-759926e0\" data-id=\"759926e0\" data-element_type=\"column\" data-e-type=\"column\">\n\t\t\t<div class=\"elementor-widget-wrap elementor-element-populated\">\n\t\t\t\t\t\t<div class=\"elementor-element elementor-element-5a62c976 elementor-widget elementor-widget-heading\" data-id=\"5a62c976\" data-element_type=\"widget\" data-e-type=\"widget\" data-widget_type=\"heading.default\">\n\t\t\t\t<div class=\"elementor-widget-container\">\n\t\t\t\t\t<h2 class=\"elementor-heading-title elementor-size-default\">HUMANS BEHIND THE PROJECT<\/h2>\t\t\t\t<\/div>\n\t\t\t\t<\/div>\n\t\t\t\t\t<\/div>\n\t\t<\/div>\n\t\t\t\t\t<\/div>\n\t\t<\/section>\n\t\t\t\t<section class=\"elementor-section elementor-top-section elementor-element elementor-element-768b60f2 elementor-section-boxed elementor-section-height-default elementor-section-height-default\" data-id=\"768b60f2\" data-element_type=\"section\" data-e-type=\"section\">\n\t\t\t\t\t\t<div class=\"elementor-container elementor-column-gap-default\">\n\t\t\t\t\t<div class=\"elementor-column elementor-col-100 elementor-top-column elementor-element elementor-element-430f6975\" data-id=\"430f6975\" data-element_type=\"column\" data-e-type=\"column\">\n\t\t\t<div class=\"elementor-widget-wrap elementor-element-populated\">\n\t\t\t\t\t\t<div class=\"elementor-element elementor-element-528f355c elementor-widget elementor-widget-text-editor\" data-id=\"528f355c\" data-element_type=\"widget\" data-e-type=\"widget\" data-widget_type=\"text-editor.default\">\n\t\t\t\t<div class=\"elementor-widget-container\">\n\t\t\t\t\t\t\t\t\t<p><b>Principal Investigator<\/b><span style=\"font-weight: 400;\"><br \/><\/span><span style=\"font-weight: 400;\">Olivier Ferlatte<\/span><\/p><p><b>Co-investigators<span style=\"font-weight: 400;\">\u00a0<\/span><br \/><\/b><span style=\"font-weight: 400;\">Rod Knight, Jorge Flores-Aranda, Joanne Otis et Julie-Soleil Meson<\/span><\/p><p><b>Coordinator and Postdoctoral Researcher<br \/><\/b><span style=\"font-weight: 400;\">Tara Chanady<\/span><\/p><p><b>Peer Researchers<\/b><span style=\"font-weight: 400;\"><br \/>Pierre-Jacques Dublois, Kinda Wassef et Sarah-Jade Cyr<\/span><\/p><p><span style=\"font-weight: 400;\">Le projet Cannapix est financ\u00e9 par la Commission de la sant\u00e9 mentale du Canada<br \/>et les Instituts de recherche en sant\u00e9 du Canada.\u00a0\u00a0<\/span><\/p>\t\t\t\t\t\t\t\t<\/div>\n\t\t\t\t<\/div>\n\t\t\t\t<div class=\"elementor-element elementor-element-c3e0bf4 elementor-widget__width-auto elementor-widget elementor-widget-image\" data-id=\"c3e0bf4\" data-element_type=\"widget\" data-e-type=\"widget\" data-widget_type=\"image.default\">\n\t\t\t\t<div class=\"elementor-widget-container\">\n\t\t\t\t\t\t\t\t\t\t\t\t\t\t\t<img decoding=\"async\" width=\"300\" height=\"113\" src=\"https:\/\/qollab.ca\/wp-content\/uploads\/2022\/01\/logo-fr-300x113.png\" class=\"attachment-medium size-medium wp-image-406\" alt=\"\" srcset=\"https:\/\/qollab.ca\/wp-content\/uploads\/2022\/01\/logo-fr-300x113.png 300w, https:\/\/qollab.ca\/wp-content\/uploads\/2022\/01\/logo-fr-768x288.png 768w, https:\/\/qollab.ca\/wp-content\/uploads\/2022\/01\/logo-fr-18x7.png 18w, https:\/\/qollab.ca\/wp-content\/uploads\/2022\/01\/logo-fr.png 940w\" sizes=\"(max-width: 300px) 100vw, 300px\" \/>\t\t\t\t\t\t\t\t\t\t\t\t\t\t\t<\/div>\n\t\t\t\t<\/div>\n\t\t\t\t<div class=\"elementor-element elementor-element-7d2c46c elementor-widget__width-auto elementor-widget elementor-widget-image\" data-id=\"7d2c46c\" data-element_type=\"widget\" data-e-type=\"widget\" data-widget_type=\"image.default\">\n\t\t\t\t<div class=\"elementor-widget-container\">\n\t\t\t\t\t\t\t\t\t\t\t\t\t\t\t<img decoding=\"async\" width=\"300\" height=\"193\" src=\"https:\/\/qollab.ca\/wp-content\/uploads\/2022\/01\/leaf-cihr-colour-en-300x193.jpeg\" class=\"attachment-medium size-medium wp-image-405\" alt=\"\" srcset=\"https:\/\/qollab.ca\/wp-content\/uploads\/2022\/01\/leaf-cihr-colour-en-300x193.jpeg 300w, https:\/\/qollab.ca\/wp-content\/uploads\/2022\/01\/leaf-cihr-colour-en-18x12.jpeg 18w, https:\/\/qollab.ca\/wp-content\/uploads\/2022\/01\/leaf-cihr-colour-en.jpeg 370w\" sizes=\"(max-width: 300px) 100vw, 300px\" \/>\t\t\t\t\t\t\t\t\t\t\t\t\t\t\t<\/div>\n\t\t\t\t<\/div>\n\t\t\t\t\t<\/div>\n\t\t<\/div>\n\t\t\t\t\t<\/div>\n\t\t<\/section>\n\t\t\t\t<\/div>","protected":false},"excerpt":{"rendered":"<p>Cannapix &#8211; Photovoix Le projet Cannapix &#8211; Photovoix explorait les perspectives et les exp\u00e9riences des jeunes LGBTQ+ avec les enjeux de sant\u00e9 mentale et de consommation de cannabis. 46 jeunes LGBTQ+ \u00e2g\u00e9\u00b7e\u00b7s de 15 \u00e0 24 ans et r\u00e9sidant au Qu\u00e9bec ont pris des photos pour repr\u00e9senter l\u2019intersection entre leur v\u00e9cu avec le cannabis, leur [&hellip;]<\/p>\n","protected":false},"author":1,"featured_media":0,"parent":0,"menu_order":0,"comment_status":"closed","ping_status":"closed","template":"elementor_header_footer","meta":{"footnotes":""},"class_list":["post-402","page","type-page","status-publish","hentry"],"_links":{"self":[{"href":"https:\/\/qollab.ca\/en\/wp-json\/wp\/v2\/pages\/402","targetHints":{"allow":["GET"]}}],"collection":[{"href":"https:\/\/qollab.ca\/en\/wp-json\/wp\/v2\/pages"}],"about":[{"href":"https:\/\/qollab.ca\/en\/wp-json\/wp\/v2\/types\/page"}],"author":[{"embeddable":true,"href":"https:\/\/qollab.ca\/en\/wp-json\/wp\/v2\/users\/1"}],"replies":[{"embeddable":true,"href":"https:\/\/qollab.ca\/en\/wp-json\/wp\/v2\/comments?post=402"}],"version-history":[{"count":5,"href":"https:\/\/qollab.ca\/en\/wp-json\/wp\/v2\/pages\/402\/revisions"}],"predecessor-version":[{"id":4966,"href":"https:\/\/qollab.ca\/en\/wp-json\/wp\/v2\/pages\/402\/revisions\/4966"}],"wp:attachment":[{"href":"https:\/\/qollab.ca\/en\/wp-json\/wp\/v2\/media?parent=402"}],"curies":[{"name":"wp","href":"https:\/\/api.w.org\/{rel}","templated":true}]}}