{"id":3669,"date":"2024-04-23T13:53:58","date_gmt":"2024-04-23T13:53:58","guid":{"rendered":"https:\/\/qollab.ca\/?page_id=3669"},"modified":"2025-09-17T19:23:59","modified_gmt":"2025-09-17T19:23:59","slug":"pnp-consent-ement","status":"publish","type":"page","link":"https:\/\/qollab.ca\/en\/pnp-consent-ement\/","title":{"rendered":"PnP &amp; Consent"},"content":{"rendered":"<div data-elementor-type=\"wp-page\" data-elementor-id=\"3669\" class=\"elementor elementor-3669\" data-elementor-post-type=\"page\">\n\t\t\t\t\t\t<section class=\"elementor-section elementor-top-section elementor-element elementor-element-f1e8f8e elementor-section-full_width elementor-section-height-min-height elementor-section-height-default elementor-section-items-middle\" data-id=\"f1e8f8e\" data-element_type=\"section\" data-e-type=\"section\" data-settings=\"{&quot;background_background&quot;:&quot;video&quot;,&quot;shape_divider_bottom&quot;:&quot;curve&quot;}\">\n\t\t\t\t\t\t\t<div class=\"elementor-background-overlay\"><\/div>\n\t\t\t\t\t\t<div class=\"elementor-shape elementor-shape-bottom\" aria-hidden=\"true\" data-negative=\"false\">\n\t\t\t<svg xmlns=\"http:\/\/www.w3.org\/2000\/svg\" viewbox=\"0 0 1000 100\" preserveaspectratio=\"none\">\n    <path class=\"elementor-shape-fill\" d=\"M1000,4.3V0H0v4.3C0.9,23.1,126.7,99.2,500,100S1000,22.7,1000,4.3z\"\/>\n<\/svg>\t\t<\/div>\n\t\t\t\t\t<div class=\"elementor-container elementor-column-gap-default\">\n\t\t\t\t\t<div class=\"elementor-column elementor-col-100 elementor-top-column elementor-element elementor-element-d385158\" data-id=\"d385158\" data-element_type=\"column\" data-e-type=\"column\">\n\t\t\t<div class=\"elementor-widget-wrap elementor-element-populated\">\n\t\t\t\t\t\t<div class=\"elementor-element elementor-element-250c0a0 elementor-widget elementor-widget-heading\" data-id=\"250c0a0\" data-element_type=\"widget\" data-e-type=\"widget\" data-widget_type=\"heading.default\">\n\t\t\t\t<div class=\"elementor-widget-container\">\n\t\t\t\t\t<h2 class=\"elementor-heading-title elementor-size-default\">PnP &amp; Consent<\/h2>\t\t\t\t<\/div>\n\t\t\t\t<\/div>\n\t\t\t\t\t<\/div>\n\t\t<\/div>\n\t\t\t\t\t<\/div>\n\t\t<\/section>\n\t\t\t\t<section class=\"elementor-section elementor-top-section elementor-element elementor-element-50fd905 elementor-section-boxed elementor-section-height-default elementor-section-height-default\" data-id=\"50fd905\" data-element_type=\"section\" data-e-type=\"section\">\n\t\t\t\t\t\t<div class=\"elementor-container elementor-column-gap-default\">\n\t\t\t\t\t<div class=\"elementor-column elementor-col-100 elementor-top-column elementor-element elementor-element-6e3e476\" data-id=\"6e3e476\" data-element_type=\"column\" data-e-type=\"column\">\n\t\t\t<div class=\"elementor-widget-wrap elementor-element-populated\">\n\t\t\t\t\t\t<section class=\"elementor-section elementor-inner-section elementor-element elementor-element-ec99311 elementor-section-boxed elementor-section-height-default elementor-section-height-default\" data-id=\"ec99311\" data-element_type=\"section\" data-e-type=\"section\">\n\t\t\t\t\t\t<div class=\"elementor-container elementor-column-gap-default\">\n\t\t\t\t\t<div class=\"elementor-column elementor-col-100 elementor-inner-column elementor-element elementor-element-f136cc2\" data-id=\"f136cc2\" data-element_type=\"column\" data-e-type=\"column\">\n\t\t\t<div class=\"elementor-widget-wrap elementor-element-populated\">\n\t\t\t\t\t\t<div class=\"elementor-element elementor-element-6ec3170 elementor-widget elementor-widget-text-editor\" data-id=\"6ec3170\" data-element_type=\"widget\" data-e-type=\"widget\" data-widget_type=\"text-editor.default\">\n\t\t\t\t<div class=\"elementor-widget-container\">\n\t\t\t\t\t\t\t\t\t<p>People who engage in Party N Play (PnP)\/chemsex<sup>1<\/sup> are more exposed to sexual assaults than those who do not engage in it.<sup>2<\/sup> Yet, the lack of understanding about sexual consent in PnP contexts limits our ability to prevent sexual assaults. <strong>The PnP &amp; Consent project therefore examines how sexual consent is given, withdrawn, or negotiated in these contexts. To do so, we utilize photovoice, a method that combines photography and interviews. <\/strong>People who engage in chemsex were invited to take photos capturing their experiences, perceptions, and reflections on sexual consent in these contexts. They then discussed their images during an interview, allowing for a deeper exploration of these issues.<br class=\"\u201da\u201d\" \/><br class=\"\u201da\u201d\" \/>Through its objectives and methods, this research seeks to remain close to the realities of PnP by collaborating with a Community Advisory Board. <strong>Together, we hope to identify strategies to prevent sexual assaults in PnP settings and promote sexual health and well-being for those who engage in it.<\/strong><\/p>\t\t\t\t\t\t\t\t<\/div>\n\t\t\t\t<\/div>\n\t\t\t\t<div class=\"elementor-element elementor-element-62e172f elementor-widget-divider--view-line elementor-widget elementor-widget-divider\" data-id=\"62e172f\" data-element_type=\"widget\" data-e-type=\"widget\" data-widget_type=\"divider.default\">\n\t\t\t\t<div class=\"elementor-widget-container\">\n\t\t\t\t\t\t\t<div class=\"elementor-divider\">\n\t\t\t<span class=\"elementor-divider-separator\">\n\t\t\t\t\t\t<\/span>\n\t\t<\/div>\n\t\t\t\t\t\t<\/div>\n\t\t\t\t<\/div>\n\t\t\t\t<div class=\"elementor-element elementor-element-2d640fd elementor-widget elementor-widget-heading\" data-id=\"2d640fd\" data-element_type=\"widget\" data-e-type=\"widget\" data-widget_type=\"heading.default\">\n\t\t\t\t<div class=\"elementor-widget-container\">\n\t\t\t\t\t<h2 class=\"elementor-heading-title elementor-size-default\">In the blur of pleasure: A photo exhibit on consent in the context of PnP\/chemsex | Cri de ralliement<\/h2>\t\t\t\t<\/div>\n\t\t\t\t<\/div>\n\t\t\t\t<div class=\"elementor-element elementor-element-0aec608 elementor-widget elementor-widget-text-editor\" data-id=\"0aec608\" data-element_type=\"widget\" data-e-type=\"widget\" data-widget_type=\"text-editor.default\">\n\t\t\t\t<div class=\"elementor-widget-container\">\n\t\t\t\t\t\t\t\t\t<p><span style=\"font-weight: bold;\">Created in collaboration with the Cri de ralliement, Fiert\u00e9 Montr\u00e9al, and members of the community, this exhibition emerged from the participatory research project PnP &amp; Consent. The exhibition highlights the artistic work of the research participants. Each photo is accompanied by a title and a descriptive text or interview quote.<\/span><\/p>\t\t\t\t\t\t\t\t<\/div>\n\t\t\t\t<\/div>\n\t\t\t\t<div class=\"elementor-element elementor-element-df4837c elementor-align-center elementor-widget elementor-widget-button\" data-id=\"df4837c\" data-element_type=\"widget\" data-e-type=\"widget\" data-widget_type=\"button.default\">\n\t\t\t\t<div class=\"elementor-widget-container\">\n\t\t\t\t\t\t\t\t\t<div class=\"elementor-button-wrapper\">\n\t\t\t\t\t<a class=\"elementor-button elementor-button-link elementor-size-lg\" href=\"https:\/\/qollab.ca\/en\/photo-pnp\/\">\n\t\t\t\t\t\t<span class=\"elementor-button-content-wrapper\">\n\t\t\t\t\t\t\t\t\t<span class=\"elementor-button-text\">Link to the virtual exhibition<\/span>\n\t\t\t\t\t<\/span>\n\t\t\t\t\t<\/a>\n\t\t\t\t<\/div>\n\t\t\t\t\t\t\t\t<\/div>\n\t\t\t\t<\/div>\n\t\t\t\t<div class=\"elementor-element elementor-element-32439ed elementor-widget elementor-widget-spacer\" data-id=\"32439ed\" data-element_type=\"widget\" data-e-type=\"widget\" data-widget_type=\"spacer.default\">\n\t\t\t\t<div class=\"elementor-widget-container\">\n\t\t\t\t\t\t\t<div class=\"elementor-spacer\">\n\t\t\t<div class=\"elementor-spacer-inner\"><\/div>\n\t\t<\/div>\n\t\t\t\t\t\t<\/div>\n\t\t\t\t<\/div>\n\t\t\t\t<div class=\"elementor-element elementor-element-7cd1711 elementor-widget elementor-widget-text-editor\" data-id=\"7cd1711\" data-element_type=\"widget\" data-e-type=\"widget\" data-widget_type=\"text-editor.default\">\n\t\t\t\t<div class=\"elementor-widget-container\">\n\t\t\t\t\t\t\t\t\t<p><strong>Thank you to the participants for their trust and expertise, as well as the Community Advisory Board who has guided this project from the very beginning. Thanks also to RRSPQ and Fiert\u00e9 Montr\u00e9al for their financial support for this exhibition.<\/strong><br \/><br \/><\/p><p>Community engagement is at the heart of our work! Other activities will be organized to disseminate the research findings and engage communities. To stay informed about these activities, follow Qollab\u2019s <span style=\"text-decoration: underline;\"><strong><a href=\"https:\/\/www.facebook.com\/qollab.umontreal\">Facebook<\/a><\/strong><\/span> and <span style=\"text-decoration: underline;\"><strong><a href=\"https:\/\/www.instagram.com\/q.ollab\/\">Instagram<\/a><\/strong><\/span> or join the project <a href=\"mailto:maxim.gaudette@umontreal.ca &amp;subject=PnP &amp; Consent Project Newsletter &amp;body=Hello, I would like to join the PnP &amp; Consent project newsletter and be kept informed of these knowledge mobilization activities. Thank you\"><span style=\"text-decoration: underline;\"><strong>newsletter<\/strong><\/span><\/a>.<\/p>\t\t\t\t\t\t\t\t<\/div>\n\t\t\t\t<\/div>\n\t\t\t\t\t<\/div>\n\t\t<\/div>\n\t\t\t\t\t<\/div>\n\t\t<\/section>\n\t\t\t\t<div class=\"elementor-element elementor-element-d1c3af1 elementor-widget elementor-widget-spacer\" data-id=\"d1c3af1\" data-element_type=\"widget\" data-e-type=\"widget\" data-widget_type=\"spacer.default\">\n\t\t\t\t<div class=\"elementor-widget-container\">\n\t\t\t\t\t\t\t<div class=\"elementor-spacer\">\n\t\t\t<div class=\"elementor-spacer-inner\"><\/div>\n\t\t<\/div>\n\t\t\t\t\t\t<\/div>\n\t\t\t\t<\/div>\n\t\t\t\t<div class=\"elementor-element elementor-element-5f9d8df elementor-align-center elementor-widget elementor-widget-button\" data-id=\"5f9d8df\" data-element_type=\"widget\" data-e-type=\"widget\" data-widget_type=\"button.default\">\n\t\t\t\t<div class=\"elementor-widget-container\">\n\t\t\t\t\t\t\t\t\t<div class=\"elementor-button-wrapper\">\n\t\t\t\t\t<a class=\"elementor-button elementor-button-link elementor-size-md\" href=\"https:\/\/qollab.ca\/en\/ressources-services-chemsex\/\" target=\"_blank\">\n\t\t\t\t\t\t<span class=\"elementor-button-content-wrapper\">\n\t\t\t\t\t\t\t\t\t<span class=\"elementor-button-text\">If you need support related to PnP, click on this link to access a list of resources. <\/span>\n\t\t\t\t\t<\/span>\n\t\t\t\t\t<\/a>\n\t\t\t\t<\/div>\n\t\t\t\t\t\t\t\t<\/div>\n\t\t\t\t<\/div>\n\t\t\t\t<div class=\"elementor-element elementor-element-cf4d87e elementor-widget elementor-widget-spacer\" data-id=\"cf4d87e\" data-element_type=\"widget\" data-e-type=\"widget\" data-widget_type=\"spacer.default\">\n\t\t\t\t<div class=\"elementor-widget-container\">\n\t\t\t\t\t\t\t<div class=\"elementor-spacer\">\n\t\t\t<div class=\"elementor-spacer-inner\"><\/div>\n\t\t<\/div>\n\t\t\t\t\t\t<\/div>\n\t\t\t\t<\/div>\n\t\t\t\t<div class=\"elementor-element elementor-element-1dd0256 elementor-widget elementor-widget-text-editor\" data-id=\"1dd0256\" data-element_type=\"widget\" data-e-type=\"widget\" data-widget_type=\"text-editor.default\">\n\t\t\t\t<div class=\"elementor-widget-container\">\n\t\t\t\t\t\t\t\t\t<h4><span style=\"color: #94268f;\">A few words about the <strong>researcher-student<\/strong>: Maxi Gaudette (he, she, they)<\/span><\/h4>\t\t\t\t\t\t\t\t<\/div>\n\t\t\t\t<\/div>\n\t\t\t\t<section class=\"elementor-section elementor-inner-section elementor-element elementor-element-710b238 elementor-section-boxed elementor-section-height-default elementor-section-height-default\" data-id=\"710b238\" data-element_type=\"section\" data-e-type=\"section\">\n\t\t\t\t\t\t<div class=\"elementor-container elementor-column-gap-default\">\n\t\t\t\t\t<div class=\"elementor-column elementor-col-50 elementor-inner-column elementor-element elementor-element-a0cf31b\" data-id=\"a0cf31b\" data-element_type=\"column\" data-e-type=\"column\">\n\t\t\t<div class=\"elementor-widget-wrap elementor-element-populated\">\n\t\t\t\t\t\t<div class=\"elementor-element elementor-element-c3fda42 elementor-widget elementor-widget-image\" data-id=\"c3fda42\" data-element_type=\"widget\" data-e-type=\"widget\" data-widget_type=\"image.default\">\n\t\t\t\t<div class=\"elementor-widget-container\">\n\t\t\t\t\t\t\t\t\t\t\t\t\t\t\t<img fetchpriority=\"high\" decoding=\"async\" width=\"768\" height=\"1056\" src=\"https:\/\/qollab.ca\/wp-content\/uploads\/2024\/04\/Max_Gaudette-768x1056.webp\" class=\"attachment-medium_large size-medium_large wp-image-3692\" alt=\"\" srcset=\"https:\/\/qollab.ca\/wp-content\/uploads\/2024\/04\/Max_Gaudette-768x1056.webp 768w, https:\/\/qollab.ca\/wp-content\/uploads\/2024\/04\/Max_Gaudette-218x300.webp 218w, https:\/\/qollab.ca\/wp-content\/uploads\/2024\/04\/Max_Gaudette-745x1024.webp 745w, https:\/\/qollab.ca\/wp-content\/uploads\/2024\/04\/Max_Gaudette-9x12.webp 9w, https:\/\/qollab.ca\/wp-content\/uploads\/2024\/04\/Max_Gaudette.webp 1088w\" sizes=\"(max-width: 768px) 100vw, 768px\" \/>\t\t\t\t\t\t\t\t\t\t\t\t\t\t\t<\/div>\n\t\t\t\t<\/div>\n\t\t\t\t\t<\/div>\n\t\t<\/div>\n\t\t\t\t<div class=\"elementor-column elementor-col-50 elementor-inner-column elementor-element elementor-element-8caa9bd\" data-id=\"8caa9bd\" data-element_type=\"column\" data-e-type=\"column\">\n\t\t\t<div class=\"elementor-widget-wrap elementor-element-populated\">\n\t\t\t\t\t\t<div class=\"elementor-element elementor-element-c18b435 elementor-widget elementor-widget-text-editor\" data-id=\"c18b435\" data-element_type=\"widget\" data-e-type=\"widget\" data-widget_type=\"text-editor.default\">\n\t\t\t\t<div class=\"elementor-widget-container\">\n\t\t\t\t\t\t\t\t\t<p>Hi there, I'm Max. I'm conducting this research as part of my Ph.D. in Public Health (specializing in health promotion) at the Universit\u00e9 de Montr\u00e9al. As a queer young researcher, it is crucial for me that my research positively impacts communities (which I am often part of). My commitments to the 2S\/LGBTQI+ communities are rooted in social justice and critical thinking. Do not hesitate to contact me for any questions.<br \/><br class=\"\u201da\u201d\" \/><strong>Project co-directors:\u00a0<span style=\"text-decoration: underline;\"><a href=\"https:\/\/espum.umontreal.ca\/lespum\/equipe\/personnel-enseignant\/professeur\/in\/in31114\/sg\/Olivier%20Ferlatte\/\">Olivier Ferlatte<\/a><\/span>\u00a0and\u00a0<span style=\"text-decoration: underline;\"><a href=\"https:\/\/scholars.latrobe.edu.au\/abourne\">Adam Bourne<\/a><\/span><\/strong><br \/><br class=\"\u201da\u201d\" \/>The PnP &amp; Consent project has been approved by the Comit\u00e9 d\u2019\u00c9thique de la Recherche en Sciences et Sant\u00e9 (project # CERSES-2023-4853).<br \/>The project is made possible thanks to the financial support of the Social Sciences and Humanities Research Council of Canada (SSHRC), the Fonds de recherche du Qu\u00e9bec - Soci\u00e9t\u00e9 et culture (FRQSC), and the Canadian Institutes of Health Research (CIHR).<\/p>\t\t\t\t\t\t\t\t<\/div>\n\t\t\t\t<\/div>\n\t\t\t\t\t<\/div>\n\t\t<\/div>\n\t\t\t\t\t<\/div>\n\t\t<\/section>\n\t\t\t\t\t<\/div>\n\t\t<\/div>\n\t\t\t\t\t<\/div>\n\t\t<\/section>\n\t\t\t\t<section class=\"elementor-section elementor-top-section elementor-element elementor-element-f85158b elementor-section-boxed elementor-section-height-default elementor-section-height-default\" data-id=\"f85158b\" data-element_type=\"section\" data-e-type=\"section\">\n\t\t\t\t\t\t<div class=\"elementor-container elementor-column-gap-default\">\n\t\t\t\t\t<div class=\"elementor-column elementor-col-100 elementor-top-column elementor-element elementor-element-22f69d1\" data-id=\"22f69d1\" data-element_type=\"column\" data-e-type=\"column\">\n\t\t\t<div class=\"elementor-widget-wrap elementor-element-populated\">\n\t\t\t\t\t\t<div class=\"elementor-element elementor-element-3f8f666 elementor-widget elementor-widget-html\" data-id=\"3f8f666\" data-element_type=\"widget\" data-e-type=\"widget\" data-widget_type=\"html.default\">\n\t\t\t\t<div class=\"elementor-widget-container\">\n\t\t\t\t\t<hr>\t\t\t\t<\/div>\n\t\t\t\t<\/div>\n\t\t\t\t<div class=\"elementor-element elementor-element-9315ac9 elementor-widget elementor-widget-text-editor\" data-id=\"9315ac9\" data-element_type=\"widget\" data-e-type=\"widget\" data-widget_type=\"text-editor.default\">\n\t\t\t\t<div class=\"elementor-widget-container\">\n\t\t\t\t\t\t\t\t\t<p><small><sup>1<\/sup> PnP\/chemsex refers to the use of certain drugs, such as crystal meth, GHB\/GBL, or ketamine, with the intention of having sex, mainly among gay, bisexual, and queer men, as well as trans and non-binary people.<br \/><br \/><br \/><sup>2<\/sup> Wilkerson, J. M., Di Paola, A., Nieto, D., Schick, V., Latini, D. M., Braun-Harvey, D., Zoschke, I. N., &amp; McCurdy, S. (2021). Sexual Violence and Chemsex among Substance-Using Sexual and Gender Minorities in Texas. Substance Use &amp; Misuse, 110. <span style=\"text-decoration: underline;\"><a href=\"https:\/\/doi.org\/10.1080\/10826084.2021.1975743\">https:\/\/doi.org\/10.1080\/10826084.2021.1975743<\/a><\/span><\/small><\/p>\t\t\t\t\t\t\t\t<\/div>\n\t\t\t\t<\/div>\n\t\t\t\t<div class=\"elementor-element elementor-element-5a9bf27 elementor-widget elementor-widget-spacer\" data-id=\"5a9bf27\" data-element_type=\"widget\" data-e-type=\"widget\" data-widget_type=\"spacer.default\">\n\t\t\t\t<div class=\"elementor-widget-container\">\n\t\t\t\t\t\t\t<div class=\"elementor-spacer\">\n\t\t\t<div class=\"elementor-spacer-inner\"><\/div>\n\t\t<\/div>\n\t\t\t\t\t\t<\/div>\n\t\t\t\t<\/div>\n\t\t\t\t\t<\/div>\n\t\t<\/div>\n\t\t\t\t\t<\/div>\n\t\t<\/section>\n\t\t\t\t<\/div>","protected":false},"excerpt":{"rendered":"<p>PnP &amp; Consentement Les personnes qui font du Party N Play (PnP)\/chemsex1 sont plus expos\u00e9s aux agressions sexuelles que ceux qui n&rsquo;y participent pas.2 Le manque de connaissances sur le consentement sexuel en contextes de PnP limite par ailleurs nos capacit\u00e9s \u00e0 pr\u00e9venir les agressions sexuelles. Le projet PnP &amp; Consentement vise donc \u00e0 explorer [&hellip;]<\/p>\n","protected":false},"author":1,"featured_media":0,"parent":0,"menu_order":0,"comment_status":"closed","ping_status":"closed","template":"elementor_header_footer","meta":{"footnotes":""},"class_list":["post-3669","page","type-page","status-publish","hentry"],"_links":{"self":[{"href":"https:\/\/qollab.ca\/en\/wp-json\/wp\/v2\/pages\/3669","targetHints":{"allow":["GET"]}}],"collection":[{"href":"https:\/\/qollab.ca\/en\/wp-json\/wp\/v2\/pages"}],"about":[{"href":"https:\/\/qollab.ca\/en\/wp-json\/wp\/v2\/types\/page"}],"author":[{"embeddable":true,"href":"https:\/\/qollab.ca\/en\/wp-json\/wp\/v2\/users\/1"}],"replies":[{"embeddable":true,"href":"https:\/\/qollab.ca\/en\/wp-json\/wp\/v2\/comments?post=3669"}],"version-history":[{"count":5,"href":"https:\/\/qollab.ca\/en\/wp-json\/wp\/v2\/pages\/3669\/revisions"}],"predecessor-version":[{"id":5388,"href":"https:\/\/qollab.ca\/en\/wp-json\/wp\/v2\/pages\/3669\/revisions\/5388"}],"wp:attachment":[{"href":"https:\/\/qollab.ca\/en\/wp-json\/wp\/v2\/media?parent=3669"}],"curies":[{"name":"wp","href":"https:\/\/api.w.org\/{rel}","templated":true}]}}