{"id":2753,"date":"2023-11-13T21:29:06","date_gmt":"2023-11-13T21:29:06","guid":{"rendered":"https:\/\/qollab.ca\/?page_id=2753"},"modified":"2025-02-21T18:38:55","modified_gmt":"2025-02-21T18:38:55","slug":"pride-talk","status":"publish","type":"page","link":"https:\/\/qollab.ca\/en\/pride-talk\/","title":{"rendered":"Pride Talk"},"content":{"rendered":"<div data-elementor-type=\"wp-page\" data-elementor-id=\"2753\" class=\"elementor elementor-2753\" data-elementor-post-type=\"page\">\n\t\t\t\t\t\t<section class=\"elementor-section elementor-top-section elementor-element elementor-element-b1595ce elementor-section-full_width elementor-section-height-min-height elementor-section-height-default elementor-section-items-middle\" data-id=\"b1595ce\" data-element_type=\"section\" data-e-type=\"section\" data-settings=\"{&quot;background_background&quot;:&quot;classic&quot;,&quot;shape_divider_bottom&quot;:&quot;curve&quot;}\">\n\t\t\t\t\t\t\t<div class=\"elementor-background-overlay\"><\/div>\n\t\t\t\t\t\t<div class=\"elementor-shape elementor-shape-bottom\" aria-hidden=\"true\" data-negative=\"false\">\n\t\t\t<svg xmlns=\"http:\/\/www.w3.org\/2000\/svg\" viewbox=\"0 0 1000 100\" preserveaspectratio=\"none\">\n    <path class=\"elementor-shape-fill\" d=\"M1000,4.3V0H0v4.3C0.9,23.1,126.7,99.2,500,100S1000,22.7,1000,4.3z\"\/>\n<\/svg>\t\t<\/div>\n\t\t\t\t\t<div class=\"elementor-container elementor-column-gap-default\">\n\t\t\t\t\t<div class=\"elementor-column elementor-col-100 elementor-top-column elementor-element elementor-element-7aa1b49\" data-id=\"7aa1b49\" data-element_type=\"column\" data-e-type=\"column\">\n\t\t\t<div class=\"elementor-widget-wrap elementor-element-populated\">\n\t\t\t\t\t\t<div class=\"elementor-element elementor-element-eddcce4 elementor-widget elementor-widget-heading\" data-id=\"eddcce4\" data-element_type=\"widget\" data-e-type=\"widget\" data-widget_type=\"heading.default\">\n\t\t\t\t<div class=\"elementor-widget-container\">\n\t\t\t\t\t<h2 class=\"elementor-heading-title elementor-size-default\">Pride Talk<\/h2>\t\t\t\t<\/div>\n\t\t\t\t<\/div>\n\t\t\t\t\t<\/div>\n\t\t<\/div>\n\t\t\t\t\t<\/div>\n\t\t<\/section>\n\t\t\t\t<section class=\"elementor-section elementor-top-section elementor-element elementor-element-8d5141c elementor-section-boxed elementor-section-height-default elementor-section-height-default\" data-id=\"8d5141c\" data-element_type=\"section\" data-e-type=\"section\">\n\t\t\t\t\t\t<div class=\"elementor-container elementor-column-gap-default\">\n\t\t\t\t\t<div class=\"elementor-column elementor-col-100 elementor-top-column elementor-element elementor-element-d80de26\" data-id=\"d80de26\" data-element_type=\"column\" data-e-type=\"column\">\n\t\t\t<div class=\"elementor-widget-wrap elementor-element-populated\">\n\t\t\t\t\t\t<div class=\"elementor-element elementor-element-d8f20a5 elementor-widget elementor-widget-text-editor\" data-id=\"d8f20a5\" data-element_type=\"widget\" data-e-type=\"widget\" data-widget_type=\"text-editor.default\">\n\t\t\t\t<div class=\"elementor-widget-container\">\n\t\t\t\t\t\t\t\t\t<p><strong>2S\/LGBTQIA+ communities are disproportionately impacted by suicide, but suicide prevention interventions for this population are lacking.<\/strong><\/p><p>Pride talk is an innovative research project that aims to develop an online training to equip 2S\/LGBTQIA+ individuals to be more alert to their peers who are thinking of suicide and to be able to connect them with further help. This intervention builds on the long history of peer supports within 2S\/LGBTQIA+ communities and will empower 2S\/LGBTQIA+ individuals to take an active role in suicide prevention and to make a difference in their community.<\/p><p class=\"x_MsoNormal\"><span lang=\"FR-CA\">In the current context, 2S\/LGBTQIA+ communities continue to face significant mental health challenges, despite progress towards inclusion and recognition of rights. Members of these communities often face systemic and social barriers that can disproportionately affect their psychological well-being. 2S\/LGBTQIA+ people exhibit higher rates of stress, and depression, and are more likely to face suicidal thoughts compared to their heterosexual and cisgender peers. These realities highlight an urgent need for support strategies and interventions specifically tailored to address these mental health challenges.<\/span><\/p><p class=\"x_MsoNormal\"><span lang=\"FR-CA\">It's in this context that Pride Talk, a study aimed at developing and evaluating an online suicide prevention training, specifically designed by and for 2S\/LGBTQIA+ communities, is taking place. Inspired by the gatekeeper strategies recommended by the World Health Organization (WHO), the training aims to strengthen the knowledge and skills necessary to provide meaningful support to 2S\/LGBTQIA+ people experiencing suicidal thoughts, while referring them to appropriate services.<\/span><\/p><p class=\"x_MsoNormal\">This initiative capitalizes on the well-established tradition of peer support within the 2S\/LGBTQIA+ communities and reinforces their ongoing commitment to suicide prevention. By providing an adapted and accessible educational platform, Pride Talk aims to meet a crucial need for suicide prevention initiatives directly shaped by and for 2S\/LGBTQIA+ people.<\/p>\t\t\t\t\t\t\t\t<\/div>\n\t\t\t\t<\/div>\n\t\t\t\t<section class=\"elementor-section elementor-inner-section elementor-element elementor-element-3b0077d elementor-section-boxed elementor-section-height-default elementor-section-height-default\" data-id=\"3b0077d\" data-element_type=\"section\" data-e-type=\"section\">\n\t\t\t\t\t\t<div class=\"elementor-container elementor-column-gap-default\">\n\t\t\t\t\t<div class=\"elementor-column elementor-col-100 elementor-inner-column elementor-element elementor-element-15c33fd\" data-id=\"15c33fd\" data-element_type=\"column\" data-e-type=\"column\">\n\t\t\t<div class=\"elementor-widget-wrap\">\n\t\t\t\t\t\t\t<\/div>\n\t\t<\/div>\n\t\t\t\t\t<\/div>\n\t\t<\/section>\n\t\t\t\t<div class=\"elementor-element elementor-element-ce3e77f elementor-widget elementor-widget-html\" data-id=\"ce3e77f\" data-element_type=\"widget\" data-e-type=\"widget\" data-widget_type=\"html.default\">\n\t\t\t\t<div class=\"elementor-widget-container\">\n\t\t\t\t\t<hr \/> \t\t\t\t<\/div>\n\t\t\t\t<\/div>\n\t\t\t\t<div class=\"elementor-element elementor-element-c714630 elementor-widget elementor-widget-text-editor\" data-id=\"c714630\" data-element_type=\"widget\" data-e-type=\"widget\" data-widget_type=\"text-editor.default\">\n\t\t\t\t<div class=\"elementor-widget-container\">\n\t\t\t\t\t\t\t\t\t<h4>If you're thinking about suicide, experiencing a mental health crisis or worried about a loved one, there is help.<\/h4>\n<h4><b>You can call 1 866 APPELLE (1 866 277-3553) if you are in Quebec, and 988 elsewhere in Canada.<\/b>.<\/h4>\n<h4>This service is available 24 hours a day, seven days a week.<\/h4>\t\t\t\t\t\t\t\t<\/div>\n\t\t\t\t<\/div>\n\t\t\t\t<div class=\"elementor-element elementor-element-84e8bff elementor-button-danger elementor-align-center elementor-widget elementor-widget-button\" data-id=\"84e8bff\" data-element_type=\"widget\" data-e-type=\"widget\" data-widget_type=\"button.default\">\n\t\t\t\t<div class=\"elementor-widget-container\">\n\t\t\t\t\t\t\t\t\t<div class=\"elementor-button-wrapper\">\n\t\t\t\t\t<a class=\"elementor-button elementor-button-link elementor-size-md\" href=\"https:\/\/qollab.ca\/en\/ressources-prevention-suicide\/\">\n\t\t\t\t\t\t<span class=\"elementor-button-content-wrapper\">\n\t\t\t\t\t\t\t\t\t<span class=\"elementor-button-text\">Suicide prevention resources<\/span>\n\t\t\t\t\t<\/span>\n\t\t\t\t\t<\/a>\n\t\t\t\t<\/div>\n\t\t\t\t\t\t\t\t<\/div>\n\t\t\t\t<\/div>\n\t\t\t\t<div class=\"elementor-element elementor-element-60e907f elementor-widget elementor-widget-spacer\" data-id=\"60e907f\" data-element_type=\"widget\" data-e-type=\"widget\" data-widget_type=\"spacer.default\">\n\t\t\t\t<div class=\"elementor-widget-container\">\n\t\t\t\t\t\t\t<div class=\"elementor-spacer\">\n\t\t\t<div class=\"elementor-spacer-inner\"><\/div>\n\t\t<\/div>\n\t\t\t\t\t\t<\/div>\n\t\t\t\t<\/div>\n\t\t\t\t<section class=\"elementor-section elementor-inner-section elementor-element elementor-element-81e7ba5 elementor-section-boxed elementor-section-height-default elementor-section-height-default\" data-id=\"81e7ba5\" data-element_type=\"section\" data-e-type=\"section\">\n\t\t\t\t\t\t<div class=\"elementor-container elementor-column-gap-default\">\n\t\t\t\t\t<div class=\"elementor-column elementor-col-50 elementor-inner-column elementor-element elementor-element-a7bb6f7\" data-id=\"a7bb6f7\" data-element_type=\"column\" data-e-type=\"column\">\n\t\t\t<div class=\"elementor-widget-wrap elementor-element-populated\">\n\t\t\t\t\t\t<div class=\"elementor-element elementor-element-8c3f004 elementor-widget elementor-widget-heading\" data-id=\"8c3f004\" data-element_type=\"widget\" data-e-type=\"widget\" data-widget_type=\"heading.default\">\n\t\t\t\t<div class=\"elementor-widget-container\">\n\t\t\t\t\t<h2 class=\"elementor-heading-title elementor-size-default\">Visionner la vid\u00e9o en fran\u00e7ais<\/h2>\t\t\t\t<\/div>\n\t\t\t\t<\/div>\n\t\t\t\t<div class=\"elementor-element elementor-element-3515454 elementor-widget elementor-widget-video\" data-id=\"3515454\" data-element_type=\"widget\" data-e-type=\"widget\" data-settings=\"{&quot;youtube_url&quot;:&quot;https:\\\/\\\/youtu.be\\\/hoVa4-v5Nho&quot;,&quot;video_type&quot;:&quot;youtube&quot;,&quot;controls&quot;:&quot;yes&quot;}\" data-widget_type=\"video.default\">\n\t\t\t\t<div class=\"elementor-widget-container\">\n\t\t\t\t\t\t\t<div class=\"elementor-wrapper elementor-open-inline\">\n\t\t\t<div class=\"elementor-video\"><\/div>\t\t<\/div>\n\t\t\t\t\t\t<\/div>\n\t\t\t\t<\/div>\n\t\t\t\t\t<\/div>\n\t\t<\/div>\n\t\t\t\t<div class=\"elementor-column elementor-col-50 elementor-inner-column elementor-element elementor-element-b133c40\" data-id=\"b133c40\" data-element_type=\"column\" data-e-type=\"column\">\n\t\t\t<div class=\"elementor-widget-wrap elementor-element-populated\">\n\t\t\t\t\t\t<div class=\"elementor-element elementor-element-1bfdbe6 elementor-widget elementor-widget-heading\" data-id=\"1bfdbe6\" data-element_type=\"widget\" data-e-type=\"widget\" data-widget_type=\"heading.default\">\n\t\t\t\t<div class=\"elementor-widget-container\">\n\t\t\t\t\t<h2 class=\"elementor-heading-title elementor-size-default\"><span style=\"font-size: 24px\">Watch the video in English<\/span><\/h2>\t\t\t\t<\/div>\n\t\t\t\t<\/div>\n\t\t\t\t<div class=\"elementor-element elementor-element-8a8d2e1 elementor-widget elementor-widget-video\" data-id=\"8a8d2e1\" data-element_type=\"widget\" data-e-type=\"widget\" data-settings=\"{&quot;youtube_url&quot;:&quot;https:\\\/\\\/youtu.be\\\/1zGFWKGlOms&quot;,&quot;video_type&quot;:&quot;youtube&quot;,&quot;controls&quot;:&quot;yes&quot;}\" data-widget_type=\"video.default\">\n\t\t\t\t<div class=\"elementor-widget-container\">\n\t\t\t\t\t\t\t<div class=\"elementor-wrapper elementor-open-inline\">\n\t\t\t<div class=\"elementor-video\"><\/div>\t\t<\/div>\n\t\t\t\t\t\t<\/div>\n\t\t\t\t<\/div>\n\t\t\t\t\t<\/div>\n\t\t<\/div>\n\t\t\t\t\t<\/div>\n\t\t<\/section>\n\t\t\t\t\t<\/div>\n\t\t<\/div>\n\t\t\t\t\t<\/div>\n\t\t<\/section>\n\t\t\t\t<section class=\"elementor-section elementor-top-section elementor-element elementor-element-c99bbfb elementor-section-boxed elementor-section-height-default elementor-section-height-default\" data-id=\"c99bbfb\" data-element_type=\"section\" data-e-type=\"section\">\n\t\t\t\t\t\t<div class=\"elementor-container elementor-column-gap-default\">\n\t\t\t\t\t<div class=\"elementor-column elementor-col-100 elementor-top-column elementor-element elementor-element-582f973\" data-id=\"582f973\" data-element_type=\"column\" data-e-type=\"column\">\n\t\t\t<div class=\"elementor-widget-wrap elementor-element-populated\">\n\t\t\t\t\t\t<div class=\"elementor-element elementor-element-af0b107 elementor-widget elementor-widget-heading\" data-id=\"af0b107\" data-element_type=\"widget\" data-e-type=\"widget\" data-widget_type=\"heading.default\">\n\t\t\t\t<div class=\"elementor-widget-container\">\n\t\t\t\t\t<h2 class=\"elementor-heading-title elementor-size-default\">HUMANS BEHIND THE PROJECT<\/h2>\t\t\t\t<\/div>\n\t\t\t\t<\/div>\n\t\t\t\t\t<\/div>\n\t\t<\/div>\n\t\t\t\t\t<\/div>\n\t\t<\/section>\n\t\t\t\t<section class=\"elementor-section elementor-top-section elementor-element elementor-element-8f4598d elementor-section-boxed elementor-section-height-default elementor-section-height-default\" data-id=\"8f4598d\" data-element_type=\"section\" data-e-type=\"section\">\n\t\t\t\t\t\t<div class=\"elementor-container elementor-column-gap-default\">\n\t\t\t\t\t<div class=\"elementor-column elementor-col-100 elementor-top-column elementor-element elementor-element-914492a\" data-id=\"914492a\" data-element_type=\"column\" data-e-type=\"column\">\n\t\t\t<div class=\"elementor-widget-wrap elementor-element-populated\">\n\t\t\t\t\t\t<div class=\"elementor-element elementor-element-f77f13d elementor-widget elementor-widget-text-editor\" data-id=\"f77f13d\" data-element_type=\"widget\" data-e-type=\"widget\" data-widget_type=\"text-editor.default\">\n\t\t\t\t<div class=\"elementor-widget-container\">\n\t\t\t\t\t\t\t\t\t<p><strong>Principal Investigator<\/strong><br>Olivier Ferlatte (Universit\u00e9 de Montr\u00e9al)<\/p>\n<p><strong>Co-Investigators<\/strong><br>Adam Bourne (La Trobe University)<br>Ahmed Hamila (Universit\u00e9 de Montr\u00e9al)<br>Brittany Jakubiec, Kimberly Seida (EGALE)<br>Hannah Kia (University of British Columbia)<br>Edward Lee (Universit\u00e9 de Montr\u00e9al)<br>John Oliffe (University of British Columbia)<br>Travis Salway (Simon Fraser University)<\/p>\n<p><strong>Community Partners<\/strong><br>Michael Kwag (CBRC)<br>Nitika Rewari, Krista Benes (MHCC)<\/p>\n<p><strong>Collaborators<\/strong><br>Kim Basque, Marie Hautval (AQPS)<br>Brock Dumville (CPSM)<\/p>\n<p><strong>Project Coordinator<br><\/strong><span style=\"color: var( --e-global-color-ca667c5 );\">Kinda Wassef (Universit\u00e9 de Montr\u00e9al)<\/span><\/p>\n<p><strong>Trainees<\/strong><br>Emmanuelle Gareau &nbsp;(Universit\u00e9 de Montr\u00e9al)<br>Arlette Ibrahim (Universit\u00e9 de Montr\u00e9al)<br>Cindy Lufuluabo-Mukundi (Universit\u00e9 de Montr\u00e9al)<br>Simon Ouellet (Universit\u00e9 de Montr\u00e9al)<\/p>\n<p>Pride Talk is funded by the Canadian Institutes of Health Research (CIHR) and approved by the Comit\u00e9 d\u2019\u00e9thique de la recherche en sciences et en sant\u00e9 (CERSES) of the Universit\u00e9 de Montr\u00e9al (no 2023-4488)<\/p>\t\t\t\t\t\t\t\t<\/div>\n\t\t\t\t<\/div>\n\t\t\t\t<div class=\"elementor-element elementor-element-a242c5f elementor-widget elementor-widget-image\" data-id=\"a242c5f\" data-element_type=\"widget\" data-e-type=\"widget\" data-widget_type=\"image.default\">\n\t\t\t\t<div class=\"elementor-widget-container\">\n\t\t\t\t\t\t\t\t\t\t\t\t\t\t\t<img fetchpriority=\"high\" decoding=\"async\" width=\"768\" height=\"169\" src=\"https:\/\/qollab.ca\/wp-content\/uploads\/2023\/11\/Logos-Pride-Talk-1-768x169.webp\" class=\"attachment-medium_large size-medium_large wp-image-2969\" alt=\"\" srcset=\"https:\/\/qollab.ca\/wp-content\/uploads\/2023\/11\/Logos-Pride-Talk-1-768x169.webp 768w, https:\/\/qollab.ca\/wp-content\/uploads\/2023\/11\/Logos-Pride-Talk-1-300x66.webp 300w, https:\/\/qollab.ca\/wp-content\/uploads\/2023\/11\/Logos-Pride-Talk-1-1024x226.webp 1024w, https:\/\/qollab.ca\/wp-content\/uploads\/2023\/11\/Logos-Pride-Talk-1-1536x339.webp 1536w, https:\/\/qollab.ca\/wp-content\/uploads\/2023\/11\/Logos-Pride-Talk-1-18x4.webp 18w, https:\/\/qollab.ca\/wp-content\/uploads\/2023\/11\/Logos-Pride-Talk-1.webp 1769w\" sizes=\"(max-width: 768px) 100vw, 768px\" \/>\t\t\t\t\t\t\t\t\t\t\t\t\t\t\t<\/div>\n\t\t\t\t<\/div>\n\t\t\t\t\t<\/div>\n\t\t<\/div>\n\t\t\t\t\t<\/div>\n\t\t<\/section>\n\t\t\t\t<\/div>","protected":false},"excerpt":{"rendered":"<p>Pride Talk Les communaut\u00e9s 2S\/LGBTQIA+ sont touch\u00e9es de mani\u00e8re disproportionn\u00e9e par le suicide, mais il y a tr\u00e8s peu d\u2019interventions cibl\u00e9es pour ces populations. Pride talk est un projet de recherche innovant qui vise \u00e0 d\u00e9velopper une formation en ligne pour permettre aux personnes 2S\/LGBTQIA+ d\u2019\u00eatre plus attentives \u00e0 leurs pair.e.s qui pensent au suicide [&hellip;]<\/p>\n","protected":false},"author":1,"featured_media":0,"parent":0,"menu_order":0,"comment_status":"closed","ping_status":"closed","template":"elementor_header_footer","meta":{"footnotes":""},"class_list":["post-2753","page","type-page","status-publish","hentry"],"_links":{"self":[{"href":"https:\/\/qollab.ca\/en\/wp-json\/wp\/v2\/pages\/2753","targetHints":{"allow":["GET"]}}],"collection":[{"href":"https:\/\/qollab.ca\/en\/wp-json\/wp\/v2\/pages"}],"about":[{"href":"https:\/\/qollab.ca\/en\/wp-json\/wp\/v2\/types\/page"}],"author":[{"embeddable":true,"href":"https:\/\/qollab.ca\/en\/wp-json\/wp\/v2\/users\/1"}],"replies":[{"embeddable":true,"href":"https:\/\/qollab.ca\/en\/wp-json\/wp\/v2\/comments?post=2753"}],"version-history":[{"count":5,"href":"https:\/\/qollab.ca\/en\/wp-json\/wp\/v2\/pages\/2753\/revisions"}],"predecessor-version":[{"id":4909,"href":"https:\/\/qollab.ca\/en\/wp-json\/wp\/v2\/pages\/2753\/revisions\/4909"}],"wp:attachment":[{"href":"https:\/\/qollab.ca\/en\/wp-json\/wp\/v2\/media?parent=2753"}],"curies":[{"name":"wp","href":"https:\/\/api.w.org\/{rel}","templated":true}]}}