{"id":185,"date":"2021-12-01T18:16:29","date_gmt":"2021-12-01T18:16:29","guid":{"rendered":"https:\/\/qollab.ca\/?page_id=185"},"modified":"2024-07-15T18:01:52","modified_gmt":"2024-07-15T18:01:52","slug":"confines-ensemble","status":"publish","type":"page","link":"https:\/\/qollab.ca\/en\/confines-ensemble\/","title":{"rendered":"Confin\u00e9s, ensemble !"},"content":{"rendered":"<div data-elementor-type=\"wp-page\" data-elementor-id=\"185\" class=\"elementor elementor-185\" data-elementor-post-type=\"page\">\n\t\t\t\t\t\t<section class=\"elementor-section elementor-top-section elementor-element elementor-element-785b06ab elementor-section-full_width elementor-section-height-min-height elementor-section-height-default elementor-section-items-middle\" data-id=\"785b06ab\" data-element_type=\"section\" data-e-type=\"section\" data-settings=\"{&quot;background_background&quot;:&quot;classic&quot;,&quot;shape_divider_bottom&quot;:&quot;curve&quot;}\">\n\t\t\t\t\t\t\t<div class=\"elementor-background-overlay\"><\/div>\n\t\t\t\t\t\t<div class=\"elementor-shape elementor-shape-bottom\" aria-hidden=\"true\" data-negative=\"false\">\n\t\t\t<svg xmlns=\"http:\/\/www.w3.org\/2000\/svg\" viewbox=\"0 0 1000 100\" preserveaspectratio=\"none\">\n    <path class=\"elementor-shape-fill\" d=\"M1000,4.3V0H0v4.3C0.9,23.1,126.7,99.2,500,100S1000,22.7,1000,4.3z\"\/>\n<\/svg>\t\t<\/div>\n\t\t\t\t\t<div class=\"elementor-container elementor-column-gap-default\">\n\t\t\t\t\t<div class=\"elementor-column elementor-col-100 elementor-top-column elementor-element elementor-element-2cc3542b\" data-id=\"2cc3542b\" data-element_type=\"column\" data-e-type=\"column\">\n\t\t\t<div class=\"elementor-widget-wrap elementor-element-populated\">\n\t\t\t\t\t\t<div class=\"elementor-element elementor-element-bba591c elementor-widget elementor-widget-image\" data-id=\"bba591c\" data-element_type=\"widget\" data-e-type=\"widget\" data-widget_type=\"image.default\">\n\t\t\t\t<div class=\"elementor-widget-container\">\n\t\t\t\t\t\t\t\t\t\t\t\t\t\t\t<img fetchpriority=\"high\" decoding=\"async\" width=\"800\" height=\"182\" src=\"https:\/\/qollab.ca\/wp-content\/uploads\/2022\/01\/image003-2-1024x233.png\" class=\"attachment-large size-large wp-image-446\" alt=\"\" srcset=\"https:\/\/qollab.ca\/wp-content\/uploads\/2022\/01\/image003-2-1024x233.png 1024w, https:\/\/qollab.ca\/wp-content\/uploads\/2022\/01\/image003-2-300x68.png 300w, https:\/\/qollab.ca\/wp-content\/uploads\/2022\/01\/image003-2-768x175.png 768w, https:\/\/qollab.ca\/wp-content\/uploads\/2022\/01\/image003-2-1536x349.png 1536w, https:\/\/qollab.ca\/wp-content\/uploads\/2022\/01\/image003-2-2048x466.png 2048w, https:\/\/qollab.ca\/wp-content\/uploads\/2022\/01\/image003-2-18x4.png 18w\" sizes=\"(max-width: 800px) 100vw, 800px\" \/>\t\t\t\t\t\t\t\t\t\t\t\t\t\t\t<\/div>\n\t\t\t\t<\/div>\n\t\t\t\t\t<\/div>\n\t\t<\/div>\n\t\t\t\t\t<\/div>\n\t\t<\/section>\n\t\t\t\t<section class=\"elementor-section elementor-top-section elementor-element elementor-element-19531829 elementor-section-boxed elementor-section-height-default elementor-section-height-default\" data-id=\"19531829\" data-element_type=\"section\" data-e-type=\"section\">\n\t\t\t\t\t\t<div class=\"elementor-container elementor-column-gap-default\">\n\t\t\t\t\t<div class=\"elementor-column elementor-col-100 elementor-top-column elementor-element elementor-element-17a9a899\" data-id=\"17a9a899\" data-element_type=\"column\" data-e-type=\"column\">\n\t\t\t<div class=\"elementor-widget-wrap elementor-element-populated\">\n\t\t\t\t\t\t<div class=\"elementor-element elementor-element-7b690f1f elementor-widget elementor-widget-text-editor\" data-id=\"7b690f1f\" data-element_type=\"widget\" data-e-type=\"widget\" data-widget_type=\"text-editor.default\">\n\t\t\t\t<div class=\"elementor-widget-container\">\n\t\t\t\t\t\t\t\t\t<p><span style=\"font-weight: 400;\">Faced with the threat of COVID-19, the government of Quebec declared a health state\nof emergency in March 2020 and swiftly implemented a series of measures to limit the\nspread of the virus, including the confinement of older adults due to their increased risk\nof serious consequences in the event of infection. While critical to mitigate the spread\nof COVID-19, confinement and social distancing measures have had significant impacts\non the mental health of the population including on older adults.\u00a0<\/span><\/p><p class=\"translation-block\">To better understand the experience and needs of older adults during the COVID-19\npandemic, we deployed &quot;Confin\u00e9s, Ensemble!&quot;, an action-research project using\nphotovoice methods. Photovoice consists in inviting individuals to take and narrate\nphotographs to share their perspectives and experiences. &quot;Confin\u00e9s, Ensemble!&quot;\nbrought together twenty-six older adults who collected over two hundred photographs\nto share the impacts of COVID-19 on their daily life and their coping strategies. Using\ncommunication technologies, the pictures were shared during virtual meetings that\nbecame places for meeting, exchange and debate for older adults.<\/p>\t\t\t\t\t\t\t\t<\/div>\n\t\t\t\t<\/div>\n\t\t\t\t<div class=\"elementor-element elementor-element-4ca2718 elementor-align-center elementor-widget__width-auto elementor-widget elementor-widget-button\" data-id=\"4ca2718\" data-element_type=\"widget\" data-e-type=\"widget\" data-widget_type=\"button.default\">\n\t\t\t\t<div class=\"elementor-widget-container\">\n\t\t\t\t\t\t\t\t\t<div class=\"elementor-button-wrapper\">\n\t\t\t\t\t<a class=\"elementor-button elementor-button-link elementor-size-sm\" href=\"https:\/\/confinesensemble.ca\/\" target=\"_blank\">\n\t\t\t\t\t\t<span class=\"elementor-button-content-wrapper\">\n\t\t\t\t\t\t\t\t\t<span class=\"elementor-button-text\">Visit the Confin\u00e9s, Ensemble! website<\/span>\n\t\t\t\t\t<\/span>\n\t\t\t\t\t<\/a>\n\t\t\t\t<\/div>\n\t\t\t\t\t\t\t\t<\/div>\n\t\t\t\t<\/div>\n\t\t\t\t\t<\/div>\n\t\t<\/div>\n\t\t\t\t\t<\/div>\n\t\t<\/section>\n\t\t\t\t<section class=\"elementor-section elementor-top-section elementor-element elementor-element-57a519e elementor-section-boxed elementor-section-height-default elementor-section-height-default\" data-id=\"57a519e\" data-element_type=\"section\" data-e-type=\"section\">\n\t\t\t\t\t\t<div class=\"elementor-container elementor-column-gap-default\">\n\t\t\t\t\t<div class=\"elementor-column elementor-col-100 elementor-top-column elementor-element elementor-element-64ca624d\" data-id=\"64ca624d\" data-element_type=\"column\" data-e-type=\"column\">\n\t\t\t<div class=\"elementor-widget-wrap elementor-element-populated\">\n\t\t\t\t\t\t<div class=\"elementor-element elementor-element-20b4c945 elementor-widget elementor-widget-heading\" data-id=\"20b4c945\" data-element_type=\"widget\" data-e-type=\"widget\" data-widget_type=\"heading.default\">\n\t\t\t\t<div class=\"elementor-widget-container\">\n\t\t\t\t\t<h2 class=\"elementor-heading-title elementor-size-default\">Summary of the study (May 2021)<\/h2>\t\t\t\t<\/div>\n\t\t\t\t<\/div>\n\t\t\t\t\t<\/div>\n\t\t<\/div>\n\t\t\t\t\t<\/div>\n\t\t<\/section>\n\t\t\t\t<section class=\"elementor-section elementor-top-section elementor-element elementor-element-ee5a082 elementor-section-boxed elementor-section-height-default elementor-section-height-default\" data-id=\"ee5a082\" data-element_type=\"section\" data-e-type=\"section\">\n\t\t\t\t\t\t<div class=\"elementor-container elementor-column-gap-default\">\n\t\t\t\t\t<div class=\"elementor-column elementor-col-100 elementor-top-column elementor-element elementor-element-d0c7ff7\" data-id=\"d0c7ff7\" data-element_type=\"column\" data-e-type=\"column\">\n\t\t\t<div class=\"elementor-widget-wrap elementor-element-populated\">\n\t\t\t\t\t\t<div class=\"elementor-element elementor-element-d737f52 elementor-widget elementor-widget-shortcode\" data-id=\"d737f52\" data-element_type=\"widget\" data-e-type=\"widget\" data-widget_type=\"shortcode.default\">\n\t\t\t\t<div class=\"elementor-widget-container\">\n\t\t\t\t\t\t\t<div class=\"elementor-shortcode\">\n<div data-wp-interactive=\"core\/file\" class=\"wp-block-file\"><object data-wp-bind--hidden=\"!state.hasPdfPreview\" hidden class=\"wp-block-file__embed\" style=\"width: 100%; height: 600px;\" data=\"https:\/\/qollab.ca\/wp-content\/uploads\/2021\/12\/ConfinesEnsemble-Synthese-2021.pdf\" type=\"application\/pdf\" width=\"300\" height=\"150\" aria-label=\"Embed of Call_for_Applications_Pride_Talk.\"><\/object><a id=\"wp-block-file--media-9a0e9d54-cd23-4494-858b-023d41f980c8\" href=\"https:\/\/qollab.ca\/wp-content\/uploads\/2021\/12\/ConfinesEnsemble-Synthese-2021.pdf\" target=\"_blank\" rel=\"noreferrer noopener\"><\/a><\/div>\n<\/div>\n\t\t\t\t\t\t<\/div>\n\t\t\t\t<\/div>\n\t\t\t\t\t<\/div>\n\t\t<\/div>\n\t\t\t\t\t<\/div>\n\t\t<\/section>\n\t\t\t\t<section class=\"elementor-section elementor-top-section elementor-element elementor-element-789cbb1 elementor-section-boxed elementor-section-height-default elementor-section-height-default\" data-id=\"789cbb1\" data-element_type=\"section\" data-e-type=\"section\">\n\t\t\t\t\t\t<div class=\"elementor-container elementor-column-gap-default\">\n\t\t\t\t\t<div class=\"elementor-column elementor-col-100 elementor-top-column elementor-element elementor-element-88589e0\" data-id=\"88589e0\" data-element_type=\"column\" data-e-type=\"column\">\n\t\t\t<div class=\"elementor-widget-wrap elementor-element-populated\">\n\t\t\t\t\t\t<div class=\"elementor-element elementor-element-c52346e elementor-align-center elementor-widget__width-auto elementor-widget elementor-widget-button\" data-id=\"c52346e\" data-element_type=\"widget\" data-e-type=\"widget\" data-widget_type=\"button.default\">\n\t\t\t\t<div class=\"elementor-widget-container\">\n\t\t\t\t\t\t\t\t\t<div class=\"elementor-button-wrapper\">\n\t\t\t\t\t<a class=\"elementor-button elementor-button-link elementor-size-sm\" href=\"https:\/\/secureservercdn.net\/104.238.71.140\/mxw.b7b.myftpupload.com\/wp-content\/uploads\/2021\/12\/ConfinesEnsemble-Synthese-2021.pdf\" target=\"_blank\">\n\t\t\t\t\t\t<span class=\"elementor-button-content-wrapper\">\n\t\t\t\t\t\t\t\t\t<span class=\"elementor-button-text\">T\u00e9l\u00e9charger<\/span>\n\t\t\t\t\t<\/span>\n\t\t\t\t\t<\/a>\n\t\t\t\t<\/div>\n\t\t\t\t\t\t\t\t<\/div>\n\t\t\t\t<\/div>\n\t\t\t\t\t<\/div>\n\t\t<\/div>\n\t\t\t\t\t<\/div>\n\t\t<\/section>\n\t\t\t\t<section class=\"elementor-section elementor-top-section elementor-element elementor-element-ab30af9 elementor-section-boxed elementor-section-height-default elementor-section-height-default\" data-id=\"ab30af9\" data-element_type=\"section\" data-e-type=\"section\">\n\t\t\t\t\t\t<div class=\"elementor-container elementor-column-gap-default\">\n\t\t\t\t\t<div class=\"elementor-column elementor-col-100 elementor-top-column elementor-element elementor-element-c277ebb\" data-id=\"c277ebb\" data-element_type=\"column\" data-e-type=\"column\">\n\t\t\t<div class=\"elementor-widget-wrap elementor-element-populated\">\n\t\t\t\t\t\t<div class=\"elementor-element elementor-element-f5ec833 elementor-widget elementor-widget-heading\" data-id=\"f5ec833\" data-element_type=\"widget\" data-e-type=\"widget\" data-widget_type=\"heading.default\">\n\t\t\t\t<div class=\"elementor-widget-container\">\n\t\t\t\t\t<h2 class=\"elementor-heading-title elementor-size-default\">HUMANS BEHIND THE PROJECT<\/h2>\t\t\t\t<\/div>\n\t\t\t\t<\/div>\n\t\t\t\t\t<\/div>\n\t\t<\/div>\n\t\t\t\t\t<\/div>\n\t\t<\/section>\n\t\t\t\t<section class=\"elementor-section elementor-top-section elementor-element elementor-element-d258fc2 elementor-section-boxed elementor-section-height-default elementor-section-height-default\" data-id=\"d258fc2\" data-element_type=\"section\" data-e-type=\"section\">\n\t\t\t\t\t\t<div class=\"elementor-container elementor-column-gap-default\">\n\t\t\t\t\t<div class=\"elementor-column elementor-col-100 elementor-top-column elementor-element elementor-element-2584dae5\" data-id=\"2584dae5\" data-element_type=\"column\" data-e-type=\"column\">\n\t\t\t<div class=\"elementor-widget-wrap elementor-element-populated\">\n\t\t\t\t\t\t<div class=\"elementor-element elementor-element-5dc64bfd elementor-widget elementor-widget-text-editor\" data-id=\"5dc64bfd\" data-element_type=\"widget\" data-e-type=\"widget\" data-widget_type=\"text-editor.default\">\n\t\t\t\t<div class=\"elementor-widget-container\">\n\t\t\t\t\t\t\t\t\t<p><b>Principal Investigator<\/b><span style=\"font-weight: 400;\"> <br \/><\/span><span style=\"font-weight: 400;\">Olivier Ferlatte<\/span><\/p><p><b>Co-investigators<span style=\"font-weight: 400;\">\u00a0<br \/><\/span><\/b><span style=\"font-weight: 400;\">R\u00e9jean H\u00e9bert, Gr\u00e9gory Moullec, Kate Frohlich, Genevi\u00e8ve Gariepy et Val\u00e9rie Lemieux\u00a0<\/span><\/p><p><b>Research assistants<br \/><\/b><span style=\"font-weight: 400;\">Julie Karmann et Sonia Lu <\/span><\/p>\t\t\t\t\t\t\t\t<\/div>\n\t\t\t\t<\/div>\n\t\t\t\t<div class=\"elementor-element elementor-element-51f4847b elementor-widget elementor-widget-text-editor\" data-id=\"51f4847b\" data-element_type=\"widget\" data-e-type=\"widget\" data-widget_type=\"text-editor.default\">\n\t\t\t\t<div class=\"elementor-widget-container\">\n\t\t\t\t\t\t\t\t\t<p style=\"text-align: center;\"><b>Confin\u00e9s, ensemble !<\/b><span style=\"font-weight: 400;\"> was made possible thanks to the generous support of the Quebec Population Health Research Network and the Center for Public Health Research <\/span><\/p><p style=\"text-align: center;\"><span style=\"font-weight: 400;\"><img decoding=\"async\" class=\"wp-image-189 aligncenter\" src=\"https:\/\/qollab.ca\/wp-content\/uploads\/2021\/12\/te\u0301le\u0301chargement-300x101.jpeg\" alt=\"\" width=\"191\" height=\"64\" srcset=\"https:\/\/qollab.ca\/wp-content\/uploads\/2021\/12\/te\u0301le\u0301chargement-300x101.jpeg 300w, https:\/\/qollab.ca\/wp-content\/uploads\/2021\/12\/te\u0301le\u0301chargement-18x6.jpeg 18w, https:\/\/qollab.ca\/wp-content\/uploads\/2021\/12\/te\u0301le\u0301chargement.jpeg 386w\" sizes=\"(max-width: 191px) 100vw, 191px\" \/><\/span><\/p><p style=\"text-align: center;\"><span style=\"font-weight: 400;\"><img decoding=\"async\" class=\"wp-image-191 aligncenter\" src=\"https:\/\/qollab.ca\/wp-content\/uploads\/2021\/12\/EWOCWWvXsAMLN74-1-300x172.jpeg\" alt=\"\" width=\"155\" height=\"89\" srcset=\"https:\/\/qollab.ca\/wp-content\/uploads\/2021\/12\/EWOCWWvXsAMLN74-1-300x172.jpeg 300w, https:\/\/qollab.ca\/wp-content\/uploads\/2021\/12\/EWOCWWvXsAMLN74-1-768x440.jpeg 768w, https:\/\/qollab.ca\/wp-content\/uploads\/2021\/12\/EWOCWWvXsAMLN74-1-18x10.jpeg 18w, https:\/\/qollab.ca\/wp-content\/uploads\/2021\/12\/EWOCWWvXsAMLN74-1.jpeg 840w\" sizes=\"(max-width: 155px) 100vw, 155px\" \/>\u00a0<\/span><\/p>\t\t\t\t\t\t\t\t<\/div>\n\t\t\t\t<\/div>\n\t\t\t\t\t<\/div>\n\t\t<\/div>\n\t\t\t\t\t<\/div>\n\t\t<\/section>\n\t\t\t\t<\/div>","protected":false},"excerpt":{"rendered":"<p>Devant la menace de la COVID-19, le gouvernement du Qu\u00e9bec a d\u00e9clar\u00e9 l\u2019urgence sanitaire en mars 2020 et a mis en place plusieurs mesures pour limiter la propagation du virus incluant le confinement des personnes a\u00een\u00e9es en raison de leur risque accru de complications en cas d\u2019infection. Si la crise de la COVID-19 a \u00e9t\u00e9 [&hellip;]<\/p>\n","protected":false},"author":1,"featured_media":0,"parent":0,"menu_order":0,"comment_status":"closed","ping_status":"closed","template":"elementor_header_footer","meta":{"footnotes":""},"class_list":["post-185","page","type-page","status-publish","hentry"],"_links":{"self":[{"href":"https:\/\/qollab.ca\/en\/wp-json\/wp\/v2\/pages\/185","targetHints":{"allow":["GET"]}}],"collection":[{"href":"https:\/\/qollab.ca\/en\/wp-json\/wp\/v2\/pages"}],"about":[{"href":"https:\/\/qollab.ca\/en\/wp-json\/wp\/v2\/types\/page"}],"author":[{"embeddable":true,"href":"https:\/\/qollab.ca\/en\/wp-json\/wp\/v2\/users\/1"}],"replies":[{"embeddable":true,"href":"https:\/\/qollab.ca\/en\/wp-json\/wp\/v2\/comments?post=185"}],"version-history":[{"count":5,"href":"https:\/\/qollab.ca\/en\/wp-json\/wp\/v2\/pages\/185\/revisions"}],"predecessor-version":[{"id":4118,"href":"https:\/\/qollab.ca\/en\/wp-json\/wp\/v2\/pages\/185\/revisions\/4118"}],"wp:attachment":[{"href":"https:\/\/qollab.ca\/en\/wp-json\/wp\/v2\/media?parent=185"}],"curies":[{"name":"wp","href":"https:\/\/api.w.org\/{rel}","templated":true}]}}