{"id":175,"date":"2021-12-01T18:06:30","date_gmt":"2021-12-01T18:06:30","guid":{"rendered":"https:\/\/qollab.ca\/?page_id=175"},"modified":"2026-01-15T15:06:58","modified_gmt":"2026-01-15T15:06:58","slug":"jeunes-chercheur-e-s-queer","status":"publish","type":"page","link":"https:\/\/qollab.ca\/en\/jeunes-chercheur-e-s-queer\/","title":{"rendered":"Jeunes Chercheur\u00b7e\u00b7s Queers"},"content":{"rendered":"<div data-elementor-type=\"wp-page\" data-elementor-id=\"175\" class=\"elementor elementor-175\" data-elementor-post-type=\"page\">\n\t\t\t\t\t\t<section class=\"elementor-section elementor-top-section elementor-element elementor-element-3e311a56 elementor-section-full_width elementor-section-height-min-height elementor-section-height-default elementor-section-items-middle\" data-id=\"3e311a56\" data-element_type=\"section\" data-e-type=\"section\" data-settings=\"{&quot;background_background&quot;:&quot;classic&quot;,&quot;shape_divider_bottom&quot;:&quot;curve&quot;}\">\n\t\t\t\t\t\t\t<div class=\"elementor-background-overlay\"><\/div>\n\t\t\t\t\t\t<div class=\"elementor-shape elementor-shape-bottom\" aria-hidden=\"true\" data-negative=\"false\">\n\t\t\t<svg xmlns=\"http:\/\/www.w3.org\/2000\/svg\" viewbox=\"0 0 1000 100\" preserveaspectratio=\"none\">\n    <path class=\"elementor-shape-fill\" d=\"M1000,4.3V0H0v4.3C0.9,23.1,126.7,99.2,500,100S1000,22.7,1000,4.3z\"\/>\n<\/svg>\t\t<\/div>\n\t\t\t\t\t<div class=\"elementor-container elementor-column-gap-default\">\n\t\t\t\t\t<div class=\"elementor-column elementor-col-100 elementor-top-column elementor-element elementor-element-3809b386\" data-id=\"3809b386\" data-element_type=\"column\" data-e-type=\"column\">\n\t\t\t<div class=\"elementor-widget-wrap elementor-element-populated\">\n\t\t\t\t\t\t<div class=\"elementor-element elementor-element-966c966 elementor-widget elementor-widget-image\" data-id=\"966c966\" data-element_type=\"widget\" data-e-type=\"widget\" data-widget_type=\"image.default\">\n\t\t\t\t<div class=\"elementor-widget-container\">\n\t\t\t\t\t\t\t\t\t\t\t\t\t\t\t<img fetchpriority=\"high\" decoding=\"async\" width=\"800\" height=\"345\" src=\"https:\/\/qollab.ca\/wp-content\/uploads\/2023\/05\/JCQ-long-blanc-1024x441.png\" class=\"attachment-large size-large wp-image-1385\" alt=\"\" srcset=\"https:\/\/qollab.ca\/wp-content\/uploads\/2023\/05\/JCQ-long-blanc-1024x441.png 1024w, https:\/\/qollab.ca\/wp-content\/uploads\/2023\/05\/JCQ-long-blanc-300x129.png 300w, https:\/\/qollab.ca\/wp-content\/uploads\/2023\/05\/JCQ-long-blanc-768x331.png 768w, https:\/\/qollab.ca\/wp-content\/uploads\/2023\/05\/JCQ-long-blanc-1536x661.png 1536w, https:\/\/qollab.ca\/wp-content\/uploads\/2023\/05\/JCQ-long-blanc-2048x881.png 2048w, https:\/\/qollab.ca\/wp-content\/uploads\/2023\/05\/JCQ-long-blanc-18x8.png 18w\" sizes=\"(max-width: 800px) 100vw, 800px\" \/>\t\t\t\t\t\t\t\t\t\t\t\t\t\t\t<\/div>\n\t\t\t\t<\/div>\n\t\t\t\t\t<\/div>\n\t\t<\/div>\n\t\t\t\t\t<\/div>\n\t\t<\/section>\n\t\t\t\t<section class=\"elementor-section elementor-top-section elementor-element elementor-element-25f12f9c elementor-section-boxed elementor-section-height-default elementor-section-height-default\" data-id=\"25f12f9c\" data-element_type=\"section\" data-e-type=\"section\">\n\t\t\t\t\t\t<div class=\"elementor-container elementor-column-gap-default\">\n\t\t\t\t\t<div class=\"elementor-column elementor-col-100 elementor-top-column elementor-element elementor-element-7a03f054\" data-id=\"7a03f054\" data-element_type=\"column\" data-e-type=\"column\">\n\t\t\t<div class=\"elementor-widget-wrap elementor-element-populated\">\n\t\t\t\t\t\t<div class=\"elementor-element elementor-element-393f69e6 elementor-widget elementor-widget-text-editor\" data-id=\"393f69e6\" data-element_type=\"widget\" data-e-type=\"widget\" data-widget_type=\"text-editor.default\">\n\t\t\t\t<div class=\"elementor-widget-container\">\n\t\t\t\t\t\t\t\t\t<p><span data-contrast=\"auto\">Le programme Jeunes Chercheur\u00b7es queers est un programme de renforcement des capacit\u00e9s et de transfert de connaissances. Il est destin\u00e9 aux jeunes (18-29 ans) de la communaut\u00e9 2S\/LGBTQIA+ int\u00e9ress\u00e9\u00b7es par le monde de la recherche.<\/span><span data-ccp-props=\"{&quot;201341983&quot;:0,&quot;335559739&quot;:160,&quot;335559740&quot;:259}\">\u00a0<\/span><\/p><p><span data-contrast=\"auto\">Le programme offre une opportunit\u00e9 unique d\u2019\u00eatre impliqu\u00e9\u00b7e dans tout le processus d\u2019un projet de recherche, ce qui permet l\u2019acquisition de nouvelles comp\u00e9tences en recherche et de nouvelles connaissances sur les enjeux des communaut\u00e9s 2S\/LGBTQIA+, tout en connectant avec d\u2019autres jeunes partageant les m\u00eames int\u00e9r\u00eats.\u00a0 <\/span><span data-ccp-props=\"{&quot;201341983&quot;:0,&quot;335559739&quot;:160,&quot;335559740&quot;:259}\">\u00a0<\/span><\/p><p><span data-contrast=\"auto\">Les Jeunes Chercheur\u00b7es se rencontrent chaque semaine pour co-construire la connaissance, pour apprendre et pour travailler sur des projets de recherche avec l\u2019aide d\u2019expert\u00b7es sur les in\u00e9galit\u00e9s en sant\u00e9 et des communaut\u00e9s 2S\/LGBTQIA+.<\/span><span data-ccp-props=\"{&quot;201341983&quot;:0,&quot;335559739&quot;:160,&quot;335559740&quot;:259}\">\u00a0<\/span><\/p><p><span data-contrast=\"auto\">Le programme Jeunes Chercheur\u00b7es queers est une opportunit\u00e9 pour faire avancer la recherche concernant les personnes 2S\/LGBTQIA+ et permet \u00e9galement de diffuser diff\u00e9rentes m\u00e9thodes de recherche participatives. Pour participer au programme, aucune exp\u00e9rience en recherche n\u2019est requise.<\/span><span data-ccp-props=\"{&quot;201341983&quot;:0,&quot;335559739&quot;:160,&quot;335559740&quot;:259}\">\u00a0<\/span><\/p><p><span data-contrast=\"auto\">En plus d\u2019\u00eatre un lieu d\u2019appartenance et d\u2019\u00e9change avec d\u2019autres jeunes 2S\/LGBTQIA+, les Jeunes Chercheur\u00b7es queers participent aussi \u00e0 plusieurs activit\u00e9s acad\u00e9miques ou communautaires telles que des pr\u00e9sentations locales ou nationales.\u00a0 <\/span><span data-ccp-props=\"{&quot;201341983&quot;:0,&quot;335559739&quot;:160,&quot;335559740&quot;:259}\">\u00a0<\/span><\/p><p><span data-contrast=\"auto\">Pour ce qui est de la recherche, le groupe de Jeunes Chercheur\u00b7es a \u00e9labor\u00e9 l\u2019\u00e9tude \u00ab J\u2019prends ma place \u00bb en 2021-2022, un sondage sur la sant\u00e9 mentale et la r\u00e9silience des jeunes 2S\/LGBTQIA+ au Canada. En 2022, les Jeunes Chercheur\u00b7es\u00a0queers ont conduit un projet de recherche cellphilm sur la r\u00e9silience chez les jeunes 2S\/LGBTQIA+. <\/span><span data-ccp-props=\"{&quot;201341983&quot;:0,&quot;335559739&quot;:160,&quot;335559740&quot;:259}\">\u00a0<\/span><\/p><p><span data-contrast=\"auto\">En 2023-2024, le groupe a travaill\u00e9 sur <a href=\"https:\/\/qollab.ca\/en\/cannapix-cellphilms\/\">une \u00e9tude cellphilm<\/a> qui s\u2019int\u00e9resse aux exp\u00e9riences de r\u00e9duction des m\u00e9faits chez les jeunes 2S\/LGBTQIA+ qui consomment du cannabis.<\/span><span data-ccp-props=\"{&quot;134233117&quot;:false,&quot;134233118&quot;:false,&quot;201341983&quot;:0,&quot;335551550&quot;:1,&quot;335551620&quot;:1,&quot;335559685&quot;:0,&quot;335559737&quot;:0,&quot;335559738&quot;:0,&quot;335559739&quot;:160,&quot;335559740&quot;:259}\">\u00a0<\/span><\/p><p>Depuis 2025, les jeunes chercheur<span data-contrast=\"auto\">\u00b7es collaborent sur un sondage pancanadien sur la sant\u00e9 sexuelle et reproductive des communaut\u00e9s 2S\/LGBTQIA+.\u00a0<\/span><\/p><p><span data-contrast=\"auto\">Tu as envie de t\u2019impliquer dans ce programme ? Contacte-nous \u00e0 <\/span><a href=\"mailto:qollab@espum.umontreal.ca\"><span data-contrast=\"none\">qollab@espum.umontreal.ca<\/span><\/a><span data-ccp-props=\"{&quot;201341983&quot;:0,&quot;335559739&quot;:160,&quot;335559740&quot;:259}\">\u00a0<\/span><\/p><hr \/><p><span data-ccp-props=\"{&quot;201341983&quot;:0,&quot;335559739&quot;:160,&quot;335559740&quot;:259}\">\"J'prends ma place! - Resilience\" is a cellphilm project of the Qollab laboratory, located at the Universit\u00e9 de Montr\u00e9al's School of Public Health. The project is participatory, community-based research that highlights the strengths, joys and resilience of LGBTQ+ youth in Quebec. \"J'prends ma place! - Resilience\" was conducted in collaboration with Jeunes Chercheur.es Queers. Here we present 7 cellphilms made by research participants. Enjoy!<br \/><\/span><\/p>\t\t\t\t\t\t\t\t<\/div>\n\t\t\t\t<\/div>\n\t\t\t\t<div class=\"elementor-element elementor-element-523eb24 elementor-widget elementor-widget-html\" data-id=\"523eb24\" data-element_type=\"widget\" data-e-type=\"widget\" data-widget_type=\"html.default\">\n\t\t\t\t<div class=\"elementor-widget-container\">\n\t\t\t\t\t<iframe width=\"560\" height=\"315\" src=\"https:\/\/www.youtube.com\/embed\/videoseries?si=qoqOmWAUh7g2K04T&amp;list=PLOe49Ff1kuW4NpNqEsk7LFTYhP-ikkAqS\" title=\"YouTube video player\" frameborder=\"0\" allow=\"accelerometer; autoplay; clipboard-write; encrypted-media; gyroscope; picture-in-picture; web-share\" allowfullscreen><\/iframe>\t\t\t\t<\/div>\n\t\t\t\t<\/div>\n\t\t\t\t\t<\/div>\n\t\t<\/div>\n\t\t\t\t\t<\/div>\n\t\t<\/section>\n\t\t\t\t<section class=\"elementor-section elementor-top-section elementor-element elementor-element-5ae84322 elementor-section-boxed elementor-section-height-default elementor-section-height-default\" data-id=\"5ae84322\" data-element_type=\"section\" data-e-type=\"section\">\n\t\t\t\t\t\t<div class=\"elementor-container elementor-column-gap-default\">\n\t\t\t\t\t<div class=\"elementor-column elementor-col-100 elementor-top-column elementor-element elementor-element-91a26dc\" data-id=\"91a26dc\" data-element_type=\"column\" data-e-type=\"column\">\n\t\t\t<div class=\"elementor-widget-wrap elementor-element-populated\">\n\t\t\t\t\t\t<div class=\"elementor-element elementor-element-f90050f elementor-widget elementor-widget-heading\" data-id=\"f90050f\" data-element_type=\"widget\" data-e-type=\"widget\" data-widget_type=\"heading.default\">\n\t\t\t\t<div class=\"elementor-widget-container\">\n\t\t\t\t\t<h2 class=\"elementor-heading-title elementor-size-default\">HUMANS BEHIND THE PROJECT<\/h2>\t\t\t\t<\/div>\n\t\t\t\t<\/div>\n\t\t\t\t\t<\/div>\n\t\t<\/div>\n\t\t\t\t\t<\/div>\n\t\t<\/section>\n\t\t\t\t<section class=\"elementor-section elementor-top-section elementor-element elementor-element-75ce0203 elementor-section-boxed elementor-section-height-default elementor-section-height-default\" data-id=\"75ce0203\" data-element_type=\"section\" data-e-type=\"section\">\n\t\t\t\t\t\t<div class=\"elementor-container elementor-column-gap-default\">\n\t\t\t\t\t<div class=\"elementor-column elementor-col-100 elementor-top-column elementor-element elementor-element-24e54f97\" data-id=\"24e54f97\" data-element_type=\"column\" data-e-type=\"column\">\n\t\t\t<div class=\"elementor-widget-wrap elementor-element-populated\">\n\t\t\t\t\t\t<div class=\"elementor-element elementor-element-402c1cac elementor-widget elementor-widget-text-editor\" data-id=\"402c1cac\" data-element_type=\"widget\" data-e-type=\"widget\" data-widget_type=\"text-editor.default\">\n\t\t\t\t<div class=\"elementor-widget-container\">\n\t\t\t\t\t\t\t\t\t<p><b>Principal Investigator<\/b><span style=\"font-weight: 400;\"> <br \/><\/span><span style=\"font-weight: 400;\">Olivier Ferlatte<\/span><\/p><p><b>Mentors<br \/><\/b><span style=\"font-weight: 400;\">Katherine Frohlich, Jorge Flores-Aranda, Gregory Moullec and Tara Chanady<\/span><\/p><p><b>Coordinateur<span data-contrast=\"auto\">\u00b7<\/span>ice<br \/><\/b><span style=\"font-weight: 400;\">Amy Rhanim<\/span><\/p>\t\t\t\t\t\t\t\t<\/div>\n\t\t\t\t<\/div>\n\t\t\t\t<div class=\"elementor-element elementor-element-e6ad2d6 elementor-widget elementor-widget-text-editor\" data-id=\"e6ad2d6\" data-element_type=\"widget\" data-e-type=\"widget\" data-widget_type=\"text-editor.default\">\n\t\t\t\t<div class=\"elementor-widget-container\">\n\t\t\t\t\t\t\t\t\t<p><span style=\"font-weight: 400;\">The Jeune Chercheur.e.s Queers program is the Montreal and Francophone adaptation of the&nbsp;<a href=\"https:\/\/www.investigaytors.ca\/\"><i>Investigaytors<\/i><\/a><i>&nbsp;<\/i>program of the <a href=\"https:\/\/www.cbrc.net\/\">Community-Based Research Centre<\/a>. Jeunes Chercheur.e.s. Queer and the I Stand Out survey are funded by the Conseil de recherche en sciences humaines. <em>J\u2019prends ma place <\/em>are funded by the Conseil de recherche en sciences humaines. <\/span><\/p>\n<p><img decoding=\"async\" src=\"https:\/\/qollab.ca\/wp-content\/uploads\/2023\/07\/Logo_CRSH-SSHRC-300x92.png\" alt=\"\" width=\"300\" height=\"92\"><\/p>\n<p><\/p>\t\t\t\t\t\t\t\t<\/div>\n\t\t\t\t<\/div>\n\t\t\t\t\t<\/div>\n\t\t<\/div>\n\t\t\t\t\t<\/div>\n\t\t<\/section>\n\t\t\t\t<section class=\"elementor-section elementor-top-section elementor-element elementor-element-d0b18cc elementor-section-boxed elementor-section-height-default elementor-section-height-default\" data-id=\"d0b18cc\" data-element_type=\"section\" data-e-type=\"section\">\n\t\t\t\t\t\t<div class=\"elementor-container elementor-column-gap-default\">\n\t\t\t\t\t<div class=\"elementor-column elementor-col-100 elementor-top-column elementor-element elementor-element-8e3cdaf\" data-id=\"8e3cdaf\" data-element_type=\"column\" data-e-type=\"column\">\n\t\t\t<div class=\"elementor-widget-wrap elementor-element-populated\">\n\t\t\t\t\t\t<section class=\"elementor-section elementor-inner-section elementor-element elementor-element-2030594 elementor-section-boxed elementor-section-height-default elementor-section-height-default\" data-id=\"2030594\" data-element_type=\"section\" data-e-type=\"section\">\n\t\t\t\t\t\t<div class=\"elementor-container elementor-column-gap-default\">\n\t\t\t\t\t<div class=\"elementor-column elementor-col-50 elementor-inner-column elementor-element elementor-element-5f1788e\" data-id=\"5f1788e\" data-element_type=\"column\" data-e-type=\"column\">\n\t\t\t<div class=\"elementor-widget-wrap\">\n\t\t\t\t\t\t\t<\/div>\n\t\t<\/div>\n\t\t\t\t<div class=\"elementor-column elementor-col-50 elementor-inner-column elementor-element elementor-element-37b4e19\" data-id=\"37b4e19\" data-element_type=\"column\" data-e-type=\"column\">\n\t\t\t<div class=\"elementor-widget-wrap\">\n\t\t\t\t\t\t\t<\/div>\n\t\t<\/div>\n\t\t\t\t\t<\/div>\n\t\t<\/section>\n\t\t\t\t\t<\/div>\n\t\t<\/div>\n\t\t\t\t\t<\/div>\n\t\t<\/section>\n\t\t\t\t<\/div>","protected":false},"excerpt":{"rendered":"<p>Le programme Jeunes Chercheur\u00b7es queers est un programme de renforcement des capacit\u00e9s et de transfert de connaissances. Il est destin\u00e9 aux jeunes (18-29 ans) de la communaut\u00e9 2S\/LGBTQIA+ int\u00e9ress\u00e9\u00b7es par le monde de la recherche.\u00a0 Le programme offre une opportunit\u00e9 unique d\u2019\u00eatre impliqu\u00e9\u00b7e dans tout le processus d\u2019un projet de recherche, ce qui permet l\u2019acquisition [&hellip;]<\/p>\n","protected":false},"author":1,"featured_media":0,"parent":0,"menu_order":0,"comment_status":"closed","ping_status":"closed","template":"elementor_header_footer","meta":{"footnotes":""},"class_list":["post-175","page","type-page","status-publish","hentry"],"_links":{"self":[{"href":"https:\/\/qollab.ca\/en\/wp-json\/wp\/v2\/pages\/175","targetHints":{"allow":["GET"]}}],"collection":[{"href":"https:\/\/qollab.ca\/en\/wp-json\/wp\/v2\/pages"}],"about":[{"href":"https:\/\/qollab.ca\/en\/wp-json\/wp\/v2\/types\/page"}],"author":[{"embeddable":true,"href":"https:\/\/qollab.ca\/en\/wp-json\/wp\/v2\/users\/1"}],"replies":[{"embeddable":true,"href":"https:\/\/qollab.ca\/en\/wp-json\/wp\/v2\/comments?post=175"}],"version-history":[{"count":5,"href":"https:\/\/qollab.ca\/en\/wp-json\/wp\/v2\/pages\/175\/revisions"}],"predecessor-version":[{"id":5688,"href":"https:\/\/qollab.ca\/en\/wp-json\/wp\/v2\/pages\/175\/revisions\/5688"}],"wp:attachment":[{"href":"https:\/\/qollab.ca\/en\/wp-json\/wp\/v2\/media?parent=175"}],"curies":[{"name":"wp","href":"https:\/\/api.w.org\/{rel}","templated":true}]}}